{"id":164,"date":"2017-03-02T19:26:39","date_gmt":"2017-03-02T19:26:39","guid":{"rendered":"http:\/\/www.tutisul.pt\/web\/?page_id=164"},"modified":"2022-11-28T15:39:13","modified_gmt":"2022-11-28T15:39:13","slug":"contactos","status":"publish","type":"page","link":"https:\/\/www.tutisul.pt\/web\/contactos\/","title":{"rendered":"Contactos"},"content":{"rendered":"<div id=\"pl-164\"  class=\"panel-layout\" ><div id=\"pg-164-0\"  class=\"panel-grid panel-has-style\" ><div class=\"siteorigin-panels-stretch panel-row-style panel-row-style-for-164-0\" data-stretch-type=\"full-stretched\" ><div id=\"pgc-164-0-0\"  class=\"panel-grid-cell\" ><div id=\"panel-164-0-0-0\" class=\"so-panel widget_sow-slider panel-first-child panel-last-child\" data-index=\"0\" ><div\n\t\t\t\n\t\t\tclass=\"so-widget-sow-slider so-widget-sow-slider-default-6d39609536fd-164\"\n\t\t\t\n\t\t>\t\t\t\t<div class=\"sow-slider-base\" style=\"display: none\" tabindex=\"0\">\n\t\t\t\t\t<ul\n\t\t\t\t\tclass=\"sow-slider-images\"\n\t\t\t\t\tdata-settings=\"{&quot;pagination&quot;:true,&quot;speed&quot;:800,&quot;timeout&quot;:8000,&quot;paused&quot;:false,&quot;pause_on_hover&quot;:false,&quot;swipe&quot;:true,&quot;nav_always_show_desktop&quot;:&quot;&quot;,&quot;nav_always_show_mobile&quot;:&quot;&quot;,&quot;breakpoint&quot;:&quot;780px&quot;,&quot;unmute&quot;:false,&quot;anchor&quot;:null}\"\n\t\t\t\t\t\t\t\t\t\tdata-anchor-id=\"\"\n\t\t\t\t>\t\t<li class=\"sow-slider-image\" style=\"visibility: visible;\" >\n\t\t\t\t\t\t<img loading=\"lazy\" decoding=\"async\" width=\"1903\" height=\"545\" src=\"https:\/\/www.tutisul.pt\/web\/wp-content\/uploads\/2017\/07\/Tutisul_Banner_Website_Quem_Somos_01.jpg\" class=\"sow-slider-background-image\" alt=\"\" style=\"\" srcset=\"https:\/\/www.tutisul.pt\/web\/wp-content\/uploads\/2017\/07\/Tutisul_Banner_Website_Quem_Somos_01.jpg 1903w, https:\/\/www.tutisul.pt\/web\/wp-content\/uploads\/2017\/07\/Tutisul_Banner_Website_Quem_Somos_01-300x86.jpg 300w, https:\/\/www.tutisul.pt\/web\/wp-content\/uploads\/2017\/07\/Tutisul_Banner_Website_Quem_Somos_01-768x220.jpg 768w, https:\/\/www.tutisul.pt\/web\/wp-content\/uploads\/2017\/07\/Tutisul_Banner_Website_Quem_Somos_01-1024x293.jpg 1024w\" sizes=\"auto, (max-width: 1903px) 100vw, 1903px\" \/>\t\t<\/li>\n\t\t\t\t<li class=\"sow-slider-image\" style=\"visibility: hidden;\" >\n\t\t\t\t\t\t<img loading=\"lazy\" decoding=\"async\" width=\"1903\" height=\"545\" src=\"https:\/\/www.tutisul.pt\/web\/wp-content\/uploads\/2017\/07\/Tutisul_Banner_Website_Quem_Somos_13.jpg\" class=\"sow-slider-background-image\" alt=\"\" style=\"\" srcset=\"https:\/\/www.tutisul.pt\/web\/wp-content\/uploads\/2017\/07\/Tutisul_Banner_Website_Quem_Somos_13.jpg 1903w, https:\/\/www.tutisul.pt\/web\/wp-content\/uploads\/2017\/07\/Tutisul_Banner_Website_Quem_Somos_13-300x86.jpg 300w, https:\/\/www.tutisul.pt\/web\/wp-content\/uploads\/2017\/07\/Tutisul_Banner_Website_Quem_Somos_13-768x220.jpg 768w, https:\/\/www.tutisul.pt\/web\/wp-content\/uploads\/2017\/07\/Tutisul_Banner_Website_Quem_Somos_13-1024x293.jpg 1024w\" sizes=\"auto, (max-width: 1903px) 100vw, 1903px\" \/>\t\t<\/li>\n\t\t\t\t<li class=\"sow-slider-image\" style=\"visibility: hidden;\" >\n\t\t\t\t\t\t<img loading=\"lazy\" decoding=\"async\" width=\"1903\" height=\"545\" src=\"https:\/\/www.tutisul.pt\/web\/wp-content\/uploads\/2017\/03\/Tutisul_Banner_Website_Quem_Somos_02.jpg\" class=\"sow-slider-background-image\" alt=\"\" style=\"\" srcset=\"https:\/\/www.tutisul.pt\/web\/wp-content\/uploads\/2017\/03\/Tutisul_Banner_Website_Quem_Somos_02.jpg 1903w, https:\/\/www.tutisul.pt\/web\/wp-content\/uploads\/2017\/03\/Tutisul_Banner_Website_Quem_Somos_02-300x86.jpg 300w, https:\/\/www.tutisul.pt\/web\/wp-content\/uploads\/2017\/03\/Tutisul_Banner_Website_Quem_Somos_02-768x220.jpg 768w, https:\/\/www.tutisul.pt\/web\/wp-content\/uploads\/2017\/03\/Tutisul_Banner_Website_Quem_Somos_02-1024x293.jpg 1024w\" sizes=\"auto, (max-width: 1903px) 100vw, 1903px\" \/>\t\t<\/li>\n\t\t<\/ul>\t\t\t\t<ol class=\"sow-slider-pagination\">\n\t\t\t\t\t\t\t\t\t\t\t<li><a href=\"#\" data-goto=\"0\" aria-label=\"Display slide 1\"><\/a><\/li>\n\t\t\t\t\t\t\t\t\t\t\t<li><a href=\"#\" data-goto=\"1\" aria-label=\"Display slide 2\"><\/a><\/li>\n\t\t\t\t\t\t\t\t\t\t\t<li><a href=\"#\" data-goto=\"2\" aria-label=\"Display slide 3\"><\/a><\/li>\n\t\t\t\t\t\t\t\t\t<\/ol>\n\n\t\t\t\t<div class=\"sow-slide-nav sow-slide-nav-next\">\n\t\t\t\t\t<a href=\"#\" data-goto=\"next\" aria-label=\"Next slide\" data-action=\"next\">\n\t\t\t\t\t\t<em class=\"sow-sld-icon-thin-right\"><\/em>\n\t\t\t\t\t<\/a>\n\t\t\t\t<\/div>\n\n\t\t\t\t<div class=\"sow-slide-nav sow-slide-nav-prev\">\n\t\t\t\t\t<a href=\"#\" data-goto=\"previous\" aria-label=\"Previous slide\" data-action=\"prev\">\n\t\t\t\t\t\t<em class=\"sow-sld-icon-thin-left\"><\/em>\n\t\t\t\t\t<\/a>\n\t\t\t\t<\/div>\n\t\t\t\t<\/div><\/div><\/div><\/div><\/div><\/div><div id=\"pg-164-1\"  class=\"panel-grid panel-no-style\" ><div id=\"pgc-164-1-0\"  class=\"panel-grid-cell\" ><div id=\"panel-164-1-0-0\" class=\"so-panel widget_text panel-first-child\" data-index=\"1\" ><h3 class=\"widget-title\">Contactos<\/h3>\t\t\t<div class=\"textwidget\"><p><strong>TUTISUL &#8211; UNIPESSOAL, LDA<\/strong><br \/>\nCom\u00e9rcio, Importa\u00e7\u00e3o e Exporta\u00e7\u00e3o de Flores<\/p>\n<p>Ltm\u00ba Ind. Quimiparque, Rua A &#8211; Salis Park Lt. 30 Pav. 1 &#8211; Lavradio<\/p>\n<p>Telefone: +351 211 940 972 (Chamada para a rede fixa nacional)<br \/>\nTelem\u00f3vel: +351 914 228 068 (Chamada para a rede m\u00f3vel nacional)<br \/>\nEmail: <a href=\"mailto:geral@tutisul.pt\">geral@tutisul.pt<\/a><br \/>\nWeb: <a href=\"http:\/\/www.tutisul.pt\">www.tutisul.pt<\/a><\/p>\n<\/div>\n\t\t<\/div><div id=\"panel-164-1-0-1\" class=\"so-panel widget_sow-google-map\" data-index=\"2\" ><div\n\t\t\t\n\t\t\tclass=\"so-widget-sow-google-map so-widget-sow-google-map-default-6b23895f316e-164\"\n\t\t\t\n\t\t>\n<div class=\"sow-google-map-canvas\"\n\tstyle=\"\"\n\tid=\"map-canvas-a1134e3f3bb6e7c7138f941555dbcf98\"\n\tdata-options=\"{&quot;address&quot;:&quot;38.6715902, -9.0525523&quot;,&quot;zoom&quot;:14,&quot;mobileZoom&quot;:14,&quot;gestureHandling&quot;:&quot;greedy&quot;,&quot;disableUi&quot;:false,&quot;markerIcon&quot;:false,&quot;markersDraggable&quot;:false,&quot;markerAtCenter&quot;:true,&quot;markerInfoDisplay&quot;:&quot;click&quot;,&quot;markerInfoMultiple&quot;:true,&quot;markerPositions&quot;:false,&quot;mapName&quot;:false,&quot;mapStyles&quot;:false,&quot;directions&quot;:&quot;&quot;,&quot;apiKey&quot;:&quot;AIzaSyCzhdaUwbr68QlWV_s347E0yIaePPKfsKs&quot;,&quot;breakpoint&quot;:780,&quot;id&quot;:&quot;69f455&quot;}\"\n\tdata-fallback-image=\"{&quot;img&quot;:&quot;&quot;}\"><\/div>\n<\/div><\/div><div id=\"panel-164-1-0-2\" class=\"so-panel widget_sow-editor panel-last-child\" data-index=\"3\" ><div\n\t\t\t\n\t\t\tclass=\"so-widget-sow-editor so-widget-sow-editor-base\"\n\t\t\t\n\t\t>\n<div class=\"siteorigin-widget-tinymce textwidget\">\n\t<p><a href=\"mailto:geral@tutisul.pt\"><img loading=\"lazy\" decoding=\"async\" class=\"alignnone wp-image-624 size-full\" src=\"http:\/\/www.tutisul.pt\/web\/wp-content\/uploads\/2017\/07\/Tutisul_Fale_Connosco.png\" alt=\"\" width=\"192\" height=\"180\" \/><\/a><\/p>\n<\/div>\n<\/div><\/div><\/div><div id=\"pgc-164-1-1\"  class=\"panel-grid-cell\" ><div id=\"panel-164-1-1-0\" class=\"so-panel widget_sow-contact-form panel-first-child panel-last-child\" data-index=\"4\" ><div\n\t\t\t\n\t\t\tclass=\"so-widget-sow-contact-form so-widget-sow-contact-form-default-827c223baae2-164\"\n\t\t\t\n\t\t><h3 class=\"widget-title\">Envie-nos os seus coment\u00e1rios e sugest\u00f5es<\/h3>\t<form\n\t\taction=\"\/web\/wp-json\/wp\/v2\/pages\/164\"\n\t\tmethod=\"POST\"\n\t\tclass=\"sow-contact-form\"\n\t\tid=\"contact-form-6aa7\"\n\t>\n\n\t\t\n\t\t            <p><em>* - Campos de preenchimento obrigat\u00f3rio<\/em><\/p>\n\t\t\t\t\t\t<div class=\"sow-form-field sow-form-field-select\">\n\t\t\t\t<label class=\"sow-form-field-label-above\" for=\"sow-contact-form-field-motivo-1\">\n\t\t\t\t<strong>\n\t\t\t\t\tMotivo\t\t\t\t\t\t\t\t\t\t\t<span class=\"sow-form-field-required\">*<\/span>\n\t\t\t\t\t\t\t\t\t<\/strong>\n\t\t\t<\/label>\n\t\t\t\t\t\t\t<div class=\"sow-field-container\">\n\t\t\t\t\t\t\t<select\n\t\t\tname=\"motivo-1\"\n\t\t\tid=\"sow-contact-form-field-motivo-1\"\n\t\t\t\t\t\t\t\t>\n\t\t\t\t\t\t\t\t<option selected ><\/option>\n\t\t\t\t\t\t\t\t\t\t<option\n\t\t\t\t\t\tvalue=\"Pedido de informa\u00e7\u00e3o\">\n\t\t\t\t\t\tPedido de informa\u00e7\u00e3o\t\t\t\t\t<\/option>\n\t\t\t\t\t\t\t\t\t<option\n\t\t\t\t\t\tvalue=\"Sugest\u00e3o\">\n\t\t\t\t\t\tSugest\u00e3o\t\t\t\t\t<\/option>\n\t\t\t\t\t\t\t\t\t<option\n\t\t\t\t\t\tvalue=\"Reclama\u00e7\u00e3o\">\n\t\t\t\t\t\tReclama\u00e7\u00e3o\t\t\t\t\t<\/option>\n\t\t\t\t\t\t\t\t\t<option\n\t\t\t\t\t\tvalue=\"Testemunho\">\n\t\t\t\t\t\tTestemunho\t\t\t\t\t<\/option>\n\t\t\t\t\t\t\t\t\t<option\n\t\t\t\t\t\tvalue=\"Outro\">\n\t\t\t\t\t\tOutro\t\t\t\t\t<\/option>\n\t\t\t\t\t\t<\/select>\n\t\t\t\t\t\t<\/div>\n\t\t\t\t\t\t\t<\/div>\n\t\t\t\t\t\t<div class=\"sow-form-field sow-form-field-subject\">\n\t\t\t\t<label class=\"sow-form-field-label-above\" for=\"sow-contact-form-field-assunto-1\">\n\t\t\t\t<strong>\n\t\t\t\t\tAssunto\t\t\t\t\t\t\t\t\t\t\t<span class=\"sow-form-field-required\">*<\/span>\n\t\t\t\t\t\t\t\t\t<\/strong>\n\t\t\t<\/label>\n\t\t\t\t\t\t\t<div class=\"sow-field-container\">\n\t\t\t\t\t\t\t<input\n\t\t\ttype=\"text\"\n\t\t\tname=\"assunto-1\"\n\t\t\tid=\"sow-contact-form-field-assunto-1\"\n\t\t\tvalue=\"\"\n\t\t\tclass=\"sow-text-field\"\n\t\t\t\t\t\t\t\t\/>\n\t\t\t\t\t\t<\/div>\n\t\t\t\t\t\t\t<\/div>\n\t\t\t\t\t\t<div class=\"sow-form-field sow-form-field-select\">\n\t\t\t\t<label class=\"sow-form-field-label-above\" for=\"sow-contact-form-field-cliente-tutisul-1\">\n\t\t\t\t<strong>\n\t\t\t\t\tCliente Tutisul?\t\t\t\t\t\t\t\t\t\t\t<span class=\"sow-form-field-required\">*<\/span>\n\t\t\t\t\t\t\t\t\t<\/strong>\n\t\t\t<\/label>\n\t\t\t\t\t\t\t<div class=\"sow-field-container\">\n\t\t\t\t\t\t\t<select\n\t\t\tname=\"cliente-tutisul-1\"\n\t\t\tid=\"sow-contact-form-field-cliente-tutisul-1\"\n\t\t\t\t\t\t\t\t>\n\t\t\t\t\t\t\t\t<option selected ><\/option>\n\t\t\t\t\t\t\t\t\t\t<option\n\t\t\t\t\t\tvalue=\"Sim\">\n\t\t\t\t\t\tSim\t\t\t\t\t<\/option>\n\t\t\t\t\t\t\t\t\t<option\n\t\t\t\t\t\tvalue=\"N\u00e3o\">\n\t\t\t\t\t\tN\u00e3o\t\t\t\t\t<\/option>\n\t\t\t\t\t\t<\/select>\n\t\t\t\t\t\t<\/div>\n\t\t\t\t\t\t\t<\/div>\n\t\t\t\t\t\t<div class=\"sow-form-field sow-form-field-name\">\n\t\t\t\t<label class=\"sow-form-field-label-above\" for=\"sow-contact-form-field-nome-1\">\n\t\t\t\t<strong>\n\t\t\t\t\tNome\t\t\t\t\t\t\t\t\t\t\t<span class=\"sow-form-field-required\">*<\/span>\n\t\t\t\t\t\t\t\t\t<\/strong>\n\t\t\t<\/label>\n\t\t\t\t\t\t\t<div class=\"sow-field-container\">\n\t\t\t\t\t\t\t<input\n\t\t\ttype=\"text\"\n\t\t\tname=\"nome-1\"\n\t\t\tid=\"sow-contact-form-field-nome-1\"\n\t\t\tvalue=\"\"\n\t\t\tclass=\"sow-text-field\"\n\t\t\t\t\t\t\t\t\/>\n\t\t\t\t\t\t<\/div>\n\t\t\t\t\t\t\t<\/div>\n\t\t\t\t\t\t<div class=\"sow-form-field sow-form-field-email\">\n\t\t\t\t<label class=\"sow-form-field-label-above\" for=\"sow-contact-form-field-email-1\">\n\t\t\t\t<strong>\n\t\t\t\t\tEmail\t\t\t\t\t\t\t\t\t\t\t<span class=\"sow-form-field-required\">*<\/span>\n\t\t\t\t\t\t\t\t\t<\/strong>\n\t\t\t<\/label>\n\t\t\t\t\t\t\t<div class=\"sow-field-container\">\n\t\t\t\t\t\t\t<input\n\t\t\ttype=\"email\"\n\t\t\tname=\"email-1\"\n\t\t\tid=\"sow-contact-form-field-email-1\"\n\t\t\tvalue=\"\"\n\t\t\tclass=\"sow-text-field\"\t\t\t\t\t\t\t\t\/>\n\t\t\t\t\t\t<\/div>\n\t\t\t\t\t\t\t<\/div>\n\t\t\t\t\t\t<div class=\"sow-form-field sow-form-field-textarea\">\n\t\t\t\t<label class=\"sow-form-field-label-above\" for=\"sow-contact-form-field-mensagem-1\">\n\t\t\t\t<strong>\n\t\t\t\t\tMensagem\t\t\t\t\t\t\t\t\t\t\t<span class=\"sow-form-field-required\">*<\/span>\n\t\t\t\t\t\t\t\t\t<\/strong>\n\t\t\t<\/label>\n\t\t\t\t\t\t\t<div class=\"sow-field-container\">\n\t\t\t\t\t\t\t<textarea\n\t\t\tname=\"mensagem-1\"\n\t\t\tid=\"sow-contact-form-field-mensagem-1\"\n\t\t\trows=\"10\"\n\t\t\t\t\t\taria-describedby=\"sow-contact-form-field-mensagem-1-description\" \t\t><\/textarea>\n\t\t\t\t\t\t\t\t<div\n\t\t\t\t\t\t\tclass=\"sow-form-field-description\"\n\t\t\t\t\t\t\tid=\"sow-contact-form-field-mensagem-1-description\"\n\t\t\t\t\t\t>\n\t\t\t\t\t\t\tEnvie-nos os seus coment\u00e1rios e opini\u00f5es\t\t\t\t\t\t<\/div>\n\t\t\t\t\t\t\t\t\t\t<\/div>\n\t\t\t\t\t\t\t<\/div>\n\t\t\t\t\t\t<div class=\"sow-form-field sow-form-field-radio\">\n\t\t\t\t<label class=\"sow-form-field-label-above\" for=\"sow-contact-form-field-privacidade-dos-dados-1\">\n\t\t\t\t<strong>\n\t\t\t\t\tPrivacidade dos dados\t\t\t\t\t\t\t\t\t\t\t<span class=\"sow-form-field-required\">*<\/span>\n\t\t\t\t\t\t\t\t\t<\/strong>\n\t\t\t<\/label>\n\t\t\t\t\t\t\t<div class=\"sow-field-container\">\n\t\t\t\t\t\t\t\t<ul>\n\t\t\t\t\t\t\t\t\t<li>\n\t\t\t\t\t\t<label>\n\t\t\t\t\t\t\t<input\n\t\t\t\t\t\t\t\ttype=\"radio\"\n\t\t\t\t\t\t\t\tvalue=\"Sim\"\n\t\t\t\t\t\t\t\tname=\"privacidade-dos-dados-1\"\n\t\t\t\t\t\t\t\tid=\"sow-contact-form-field-privacidade-dos-dados-1-0\"\n\t\t\t\t\t\t\t\t\t\t\t\t\t\t\t\taria-describedby=\"sow-contact-form-field-privacidade-dos-dados-1-description\" \t\t\t\t\t\t\t\/>\n\t\t\t\t\t\t\tSim\t\t\t\t\t\t<\/label>\n\t\t\t\t\t<\/li>\n\t\t\t\t\t\t\t\t\t<li>\n\t\t\t\t\t\t<label>\n\t\t\t\t\t\t\t<input\n\t\t\t\t\t\t\t\ttype=\"radio\"\n\t\t\t\t\t\t\t\tvalue=\"N\u00e3o\"\n\t\t\t\t\t\t\t\tname=\"privacidade-dos-dados-1\"\n\t\t\t\t\t\t\t\tid=\"sow-contact-form-field-privacidade-dos-dados-1-1\"\n\t\t\t\t\t\t\t\t\t\t\t\t\t\t\t\taria-describedby=\"sow-contact-form-field-privacidade-dos-dados-1-description\" \t\t\t\t\t\t\t\/>\n\t\t\t\t\t\t\tN\u00e3o\t\t\t\t\t\t<\/label>\n\t\t\t\t\t<\/li>\n\t\t\t\t\t\t\t<\/ul>\n\t\t\t\t\t\t\t\t<div\n\t\t\t\t\t\t\tclass=\"sow-form-field-description\"\n\t\t\t\t\t\t\tid=\"sow-contact-form-field-privacidade-dos-dados-1-description\"\n\t\t\t\t\t\t>\n\t\t\t\t\t\t\tAutorizo que os meus dados pessoais sejam utilizados pela Tutisul para fins de contactos comerciais\t\t\t\t\t\t<\/div>\n\t\t\t\t\t\t\t\t\t\t<\/div>\n\t\t\t\t\t\t\t<\/div>\n\t\t\t\n\t\t\n\t\t<div class=\"sow-submit-wrapper \n\t\tsow-submit-styled\t\t\">\n\n\t\t\t<button\n\t\t\t\ttype=\"submit\"\n\t\t\t\tclass=\"sow-submit\n\t\t\t\t\t\t\t\t\"\n\t\t\t\t\t\t\t>\n\t\t\t\tEnviar\t\t\t<\/button>\n\t\t<\/div>\n\t\t\t\t<input\n\t\t\ttype=\"hidden\"\n\t\t\tname=\"instance_hash-1\"\n\t\t\tvalue=\"6aa7b2cc\"\n\t\t\/>\n\n\t\t<input type=\"hidden\" id=\"_wpnonce\" name=\"_wpnonce\" value=\"345bf267b7\" \/><input type=\"hidden\" name=\"_wp_http_referer\" value=\"\/web\/wp-json\/wp\/v2\/pages\/164\" \/>\t<\/form>\n\t<\/div><\/div><\/div><\/div><\/div>","protected":false},"excerpt":{"rendered":"<p>TUTISUL &#8211; UNIPESSOAL, LDA Com\u00e9rcio, Importa\u00e7\u00e3o e Exporta\u00e7\u00e3o de Flores Ltm\u00ba Ind. Quimiparque, Rua A &#8211; Salis Park Lt. 30 Pav. 1 &#8211; Lavradio Telefone: +351 211 940 972 (Chamada para a rede fixa nacional) Telem\u00f3vel: +351 914 228 068 (Chamada para a rede m\u00f3vel nacional) Email: geral@tutisul.pt Web: www.tutisul.pt<\/p>\n","protected":false},"author":1,"featured_media":0,"parent":0,"menu_order":0,"comment_status":"closed","ping_status":"closed","template":"","meta":{"footnotes":""},"class_list":["post-164","page","type-page","status-publish","hentry"],"_links":{"self":[{"href":"https:\/\/www.tutisul.pt\/web\/wp-json\/wp\/v2\/pages\/164","targetHints":{"allow":["GET"]}}],"collection":[{"href":"https:\/\/www.tutisul.pt\/web\/wp-json\/wp\/v2\/pages"}],"about":[{"href":"https:\/\/www.tutisul.pt\/web\/wp-json\/wp\/v2\/types\/page"}],"author":[{"embeddable":true,"href":"https:\/\/www.tutisul.pt\/web\/wp-json\/wp\/v2\/users\/1"}],"replies":[{"embeddable":true,"href":"https:\/\/www.tutisul.pt\/web\/wp-json\/wp\/v2\/comments?post=164"}],"version-history":[{"count":27,"href":"https:\/\/www.tutisul.pt\/web\/wp-json\/wp\/v2\/pages\/164\/revisions"}],"predecessor-version":[{"id":2582,"href":"https:\/\/www.tutisul.pt\/web\/wp-json\/wp\/v2\/pages\/164\/revisions\/2582"}],"wp:attachment":[{"href":"https:\/\/www.tutisul.pt\/web\/wp-json\/wp\/v2\/media?parent=164"}],"curies":[{"name":"wp","href":"https:\/\/api.w.org\/{rel}","templated":true}]}}