{"id":1937,"date":"2018-06-28T16:14:12","date_gmt":"2018-06-28T15:14:12","guid":{"rendered":"http:\/\/www.tutisul.pt\/web\/?page_id=1937"},"modified":"2021-03-31T12:57:20","modified_gmt":"2021-03-31T11:57:20","slug":"rosas-do-equador","status":"publish","type":"page","link":"https:\/\/www.tutisul.pt\/web\/rosas-do-equador\/","title":{"rendered":"Rosas do Equador"},"content":{"rendered":"<div id=\"pl-1937\"  class=\"panel-layout\" ><div id=\"pg-1937-0\"  class=\"panel-grid panel-has-style\" ><div class=\"siteorigin-panels-stretch panel-row-style panel-row-style-for-1937-0\" data-stretch-type=\"full-stretched\" ><div id=\"pgc-1937-0-0\"  class=\"panel-grid-cell\" ><div id=\"panel-1937-0-0-0\" class=\"so-panel widget_sow-slider panel-first-child panel-last-child\" data-index=\"0\" ><div\n\t\t\t\n\t\t\tclass=\"so-widget-sow-slider so-widget-sow-slider-default-6d39609536fd-1937\"\n\t\t\t\n\t\t>\t\t\t\t<div class=\"sow-slider-base\" style=\"display: none\" tabindex=\"0\">\n\t\t\t\t\t<ul\n\t\t\t\t\tclass=\"sow-slider-images\"\n\t\t\t\t\tdata-settings=\"{&quot;pagination&quot;:true,&quot;speed&quot;:800,&quot;timeout&quot;:8000,&quot;paused&quot;:false,&quot;pause_on_hover&quot;:false,&quot;swipe&quot;:true,&quot;nav_always_show_desktop&quot;:&quot;&quot;,&quot;nav_always_show_mobile&quot;:&quot;&quot;,&quot;breakpoint&quot;:&quot;780px&quot;,&quot;unmute&quot;:false,&quot;anchor&quot;:null}\"\n\t\t\t\t\t\t\t\t\t\tdata-anchor-id=\"\"\n\t\t\t\t>\t\t<li class=\"sow-slider-image\" style=\"visibility: visible;\" >\n\t\t\t\t\t\t<img loading=\"lazy\" decoding=\"async\" width=\"1903\" height=\"545\" src=\"https:\/\/www.tutisul.pt\/web\/wp-content\/uploads\/2021\/03\/Tutisul_Banner_Rosas_Equador_03_2.jpg\" class=\"sow-slider-background-image\" alt=\"\" style=\"\" srcset=\"https:\/\/www.tutisul.pt\/web\/wp-content\/uploads\/2021\/03\/Tutisul_Banner_Rosas_Equador_03_2.jpg 1903w, https:\/\/www.tutisul.pt\/web\/wp-content\/uploads\/2021\/03\/Tutisul_Banner_Rosas_Equador_03_2-300x86.jpg 300w, https:\/\/www.tutisul.pt\/web\/wp-content\/uploads\/2021\/03\/Tutisul_Banner_Rosas_Equador_03_2-1024x293.jpg 1024w, https:\/\/www.tutisul.pt\/web\/wp-content\/uploads\/2021\/03\/Tutisul_Banner_Rosas_Equador_03_2-768x220.jpg 768w, https:\/\/www.tutisul.pt\/web\/wp-content\/uploads\/2021\/03\/Tutisul_Banner_Rosas_Equador_03_2-1536x440.jpg 1536w\" sizes=\"auto, (max-width: 1903px) 100vw, 1903px\" \/>\t\t<\/li>\n\t\t\t\t<li class=\"sow-slider-image\" style=\"visibility: hidden;\" >\n\t\t\t\t\t\t<img loading=\"lazy\" decoding=\"async\" width=\"1903\" height=\"545\" src=\"https:\/\/www.tutisul.pt\/web\/wp-content\/uploads\/2021\/03\/Tutisul_Banner_Rosas_Equador_01.jpg\" class=\"sow-slider-background-image\" alt=\"\" style=\"\" srcset=\"https:\/\/www.tutisul.pt\/web\/wp-content\/uploads\/2021\/03\/Tutisul_Banner_Rosas_Equador_01.jpg 1903w, https:\/\/www.tutisul.pt\/web\/wp-content\/uploads\/2021\/03\/Tutisul_Banner_Rosas_Equador_01-300x86.jpg 300w, https:\/\/www.tutisul.pt\/web\/wp-content\/uploads\/2021\/03\/Tutisul_Banner_Rosas_Equador_01-1024x293.jpg 1024w, https:\/\/www.tutisul.pt\/web\/wp-content\/uploads\/2021\/03\/Tutisul_Banner_Rosas_Equador_01-768x220.jpg 768w, https:\/\/www.tutisul.pt\/web\/wp-content\/uploads\/2021\/03\/Tutisul_Banner_Rosas_Equador_01-1536x440.jpg 1536w\" sizes=\"auto, (max-width: 1903px) 100vw, 1903px\" \/>\t\t<\/li>\n\t\t\t\t<li class=\"sow-slider-image\" style=\"visibility: hidden;\" >\n\t\t\t\t\t\t<img loading=\"lazy\" decoding=\"async\" width=\"1903\" height=\"545\" src=\"https:\/\/www.tutisul.pt\/web\/wp-content\/uploads\/2021\/03\/Tutisul_Banner_Rosas_Equador_09.jpg\" class=\"sow-slider-background-image\" alt=\"\" style=\"\" srcset=\"https:\/\/www.tutisul.pt\/web\/wp-content\/uploads\/2021\/03\/Tutisul_Banner_Rosas_Equador_09.jpg 1903w, https:\/\/www.tutisul.pt\/web\/wp-content\/uploads\/2021\/03\/Tutisul_Banner_Rosas_Equador_09-300x86.jpg 300w, https:\/\/www.tutisul.pt\/web\/wp-content\/uploads\/2021\/03\/Tutisul_Banner_Rosas_Equador_09-1024x293.jpg 1024w, https:\/\/www.tutisul.pt\/web\/wp-content\/uploads\/2021\/03\/Tutisul_Banner_Rosas_Equador_09-768x220.jpg 768w, https:\/\/www.tutisul.pt\/web\/wp-content\/uploads\/2021\/03\/Tutisul_Banner_Rosas_Equador_09-1536x440.jpg 1536w\" sizes=\"auto, (max-width: 1903px) 100vw, 1903px\" \/>\t\t<\/li>\n\t\t\t\t<li class=\"sow-slider-image\" style=\"visibility: hidden;\" >\n\t\t\t\t\t\t<img loading=\"lazy\" decoding=\"async\" width=\"1903\" height=\"545\" src=\"https:\/\/www.tutisul.pt\/web\/wp-content\/uploads\/2018\/06\/Tutisul_Rosas_Equador.png\" class=\"sow-slider-background-image\" alt=\"\" style=\"\" srcset=\"https:\/\/www.tutisul.pt\/web\/wp-content\/uploads\/2018\/06\/Tutisul_Rosas_Equador.png 1903w, https:\/\/www.tutisul.pt\/web\/wp-content\/uploads\/2018\/06\/Tutisul_Rosas_Equador-300x86.png 300w, https:\/\/www.tutisul.pt\/web\/wp-content\/uploads\/2018\/06\/Tutisul_Rosas_Equador-768x220.png 768w, https:\/\/www.tutisul.pt\/web\/wp-content\/uploads\/2018\/06\/Tutisul_Rosas_Equador-1024x293.png 1024w\" sizes=\"auto, (max-width: 1903px) 100vw, 1903px\" \/>\t\t<\/li>\n\t\t\t\t<li class=\"sow-slider-image\" style=\"visibility: hidden;\" >\n\t\t\t\t\t\t<img loading=\"lazy\" decoding=\"async\" width=\"1903\" height=\"545\" src=\"https:\/\/www.tutisul.pt\/web\/wp-content\/uploads\/2021\/03\/Tutisul_Banner_Rosas_Equador_02.jpg\" class=\"sow-slider-background-image\" alt=\"\" style=\"\" srcset=\"https:\/\/www.tutisul.pt\/web\/wp-content\/uploads\/2021\/03\/Tutisul_Banner_Rosas_Equador_02.jpg 1903w, https:\/\/www.tutisul.pt\/web\/wp-content\/uploads\/2021\/03\/Tutisul_Banner_Rosas_Equador_02-300x86.jpg 300w, https:\/\/www.tutisul.pt\/web\/wp-content\/uploads\/2021\/03\/Tutisul_Banner_Rosas_Equador_02-1024x293.jpg 1024w, https:\/\/www.tutisul.pt\/web\/wp-content\/uploads\/2021\/03\/Tutisul_Banner_Rosas_Equador_02-768x220.jpg 768w, https:\/\/www.tutisul.pt\/web\/wp-content\/uploads\/2021\/03\/Tutisul_Banner_Rosas_Equador_02-1536x440.jpg 1536w\" sizes=\"auto, (max-width: 1903px) 100vw, 1903px\" \/>\t\t<\/li>\n\t\t<\/ul>\t\t\t\t<ol class=\"sow-slider-pagination\">\n\t\t\t\t\t\t\t\t\t\t\t<li><a href=\"#\" data-goto=\"0\" aria-label=\"Display slide 1\"><\/a><\/li>\n\t\t\t\t\t\t\t\t\t\t\t<li><a href=\"#\" data-goto=\"1\" aria-label=\"Display slide 2\"><\/a><\/li>\n\t\t\t\t\t\t\t\t\t\t\t<li><a href=\"#\" data-goto=\"2\" aria-label=\"Display slide 3\"><\/a><\/li>\n\t\t\t\t\t\t\t\t\t\t\t<li><a href=\"#\" data-goto=\"3\" aria-label=\"Display slide 4\"><\/a><\/li>\n\t\t\t\t\t\t\t\t\t\t\t<li><a href=\"#\" data-goto=\"4\" aria-label=\"Display slide 5\"><\/a><\/li>\n\t\t\t\t\t\t\t\t\t<\/ol>\n\n\t\t\t\t<div class=\"sow-slide-nav sow-slide-nav-next\">\n\t\t\t\t\t<a href=\"#\" data-goto=\"next\" aria-label=\"Next slide\" data-action=\"next\">\n\t\t\t\t\t\t<em class=\"sow-sld-icon-thin-right\"><\/em>\n\t\t\t\t\t<\/a>\n\t\t\t\t<\/div>\n\n\t\t\t\t<div class=\"sow-slide-nav sow-slide-nav-prev\">\n\t\t\t\t\t<a href=\"#\" data-goto=\"previous\" aria-label=\"Previous slide\" data-action=\"prev\">\n\t\t\t\t\t\t<em class=\"sow-sld-icon-thin-left\"><\/em>\n\t\t\t\t\t<\/a>\n\t\t\t\t<\/div>\n\t\t\t\t<\/div><\/div><\/div><\/div><\/div><\/div><div id=\"pg-1937-1\"  class=\"panel-grid panel-has-style\" ><div class=\"panel-row-style panel-row-style-for-1937-1\" ><div id=\"pgc-1937-1-0\"  class=\"panel-grid-cell\" ><div id=\"panel-1937-1-0-0\" class=\"so-panel widget_sow-editor panel-first-child\" data-index=\"1\" ><div class=\"panel-widget-style panel-widget-style-for-1937-1-0-0\" ><div\n\t\t\t\n\t\t\tclass=\"so-widget-sow-editor so-widget-sow-editor-base\"\n\t\t\t\n\t\t>\n<div class=\"siteorigin-widget-tinymce textwidget\">\n\t<h1><span style=\"font-size: 36pt;\"><em>Rose Premium Box<br \/>\n<\/em><\/span><\/h1>\n<hr \/>\n<h3><em>A MELHOR SELE\u00c7\u00c3O DE ROSAS DO MUNDO<br \/>\n<\/em><\/h3>\n<p><em><span style=\"font-size: 14pt;\">Trazemos at\u00e9 si a inovadora \"Rose Premium Box\", composta pela melhor sele\u00e7\u00e3o de Rosas do Mundo. Rosas do Equador de qualidade superior, selecionadas e totalmente otimizadas para comercializa\u00e7\u00e3o nas melhores condi\u00e7\u00f5es.<\/span><\/em><\/p>\n<\/div>\n<\/div><\/div><\/div><div id=\"panel-1937-1-0-1\" class=\"so-panel widget_siteorigin-panels-builder\" data-index=\"2\" ><div id=\"pl-w60645b5bb41bc\"  class=\"panel-layout\" ><div id=\"pg-w60645b5bb41bc-0\"  class=\"panel-grid panel-has-style\" ><div class=\"panel-row-style panel-row-style-for-w60645b5bb41bc-0\" ><div id=\"pgc-w60645b5bb41bc-0-0\"  class=\"panel-grid-cell\" ><div id=\"panel-w60645b5bb41bc-0-0-0\" class=\"so-panel widget_sow-icon panel-first-child\" data-index=\"0\" ><div\n\t\t\t\n\t\t\tclass=\"so-widget-sow-icon so-widget-sow-icon-default-133a08121352\"\n\t\t\t\n\t\t>\n<div class=\"sow-icon-container sow-icon\">\n\t\t\t<span class=\"sow-icon-fontawesome sow-fas\" data-sow-icon=\"&#xf1b2;\"\n\t\t \n\t\taria-hidden=\"true\"><\/span>\t<\/div>\n<\/div><\/div><div id=\"panel-w60645b5bb41bc-0-0-1\" class=\"so-panel widget_sow-headline\" data-index=\"1\" ><div class=\"panel-widget-style panel-widget-style-for-w60645b5bb41bc-0-0-1\" ><div\n\t\t\t\n\t\t\tclass=\"so-widget-sow-headline so-widget-sow-headline-default-b277713ddc3a\"\n\t\t\t\n\t\t><div class=\"sow-headline-container \">\n\t\t\t\t\t\t\t<h3 class=\"sow-headline\">\n\t\t\t\t\t\tCaixas de Rosas do Equador com 6 Molhos*\t\t\t\t\t\t<\/h3>\n\t\t\t\t\t\t\t\t\t\t\t<div class=\"decoration\">\n\t\t\t\t\t\t<div class=\"decoration-inside\"><\/div>\n\t\t\t\t\t<\/div>\n\t\t\t\t\t<\/div>\n<\/div><\/div><\/div><div id=\"panel-w60645b5bb41bc-0-0-2\" class=\"so-panel widget_sow-editor panel-last-child\" data-index=\"2\" ><div class=\"panel-widget-style panel-widget-style-for-w60645b5bb41bc-0-0-2\" ><div\n\t\t\t\n\t\t\tclass=\"so-widget-sow-editor so-widget-sow-editor-base\"\n\t\t\t\n\t\t>\n<div class=\"siteorigin-widget-tinymce textwidget\">\n\t<p style=\"text-align: center;\"><span style=\"font-size: 8pt;\"><em><span style=\"font-size: 8pt;\">(*Envio para todo o <\/span><span style=\"font-size: 10.6667px;\">pais<\/span><span style=\"font-size: 8pt;\">\u00a0com portes inclu\u00eddos)<\/span><\/em><\/span><\/p>\n<\/div>\n<\/div><\/div><\/div><\/div><div id=\"pgc-w60645b5bb41bc-0-1\"  class=\"panel-grid-cell\" ><div id=\"panel-w60645b5bb41bc-0-1-0\" class=\"so-panel widget_sow-icon panel-first-child\" data-index=\"3\" ><div\n\t\t\t\n\t\t\tclass=\"so-widget-sow-icon so-widget-sow-icon-default-133a08121352\"\n\t\t\t\n\t\t>\n<div class=\"sow-icon-container sow-icon\">\n\t\t\t<span class=\"sow-icon-fontawesome sow-fas\" data-sow-icon=\"&#xf06c;\"\n\t\t \n\t\taria-hidden=\"true\"><\/span>\t<\/div>\n<\/div><\/div><div id=\"panel-w60645b5bb41bc-0-1-1\" class=\"so-panel widget_sow-headline panel-last-child\" data-index=\"4\" ><div\n\t\t\t\n\t\t\tclass=\"so-widget-sow-headline so-widget-sow-headline-default-b277713ddc3a\"\n\t\t\t\n\t\t><div class=\"sow-headline-container \">\n\t\t\t\t\t\t\t<h3 class=\"sow-headline\">\n\t\t\t\t\t\tRosas Selecionadas de Qualidade Superior\t\t\t\t\t\t<\/h3>\n\t\t\t\t\t\t\t\t\t\t\t<div class=\"decoration\">\n\t\t\t\t\t\t<div class=\"decoration-inside\"><\/div>\n\t\t\t\t\t<\/div>\n\t\t\t\t\t<\/div>\n<\/div><\/div><\/div><div id=\"pgc-w60645b5bb41bc-0-2\"  class=\"panel-grid-cell\" ><div id=\"panel-w60645b5bb41bc-0-2-0\" class=\"so-panel widget_sow-icon panel-first-child\" data-index=\"5\" ><div\n\t\t\t\n\t\t\tclass=\"so-widget-sow-icon so-widget-sow-icon-default-133a08121352\"\n\t\t\t\n\t\t>\n<div class=\"sow-icon-container sow-icon\">\n\t\t\t<span class=\"sow-icon-fontawesome sow-fas\" data-sow-icon=\"&#xf474;\"\n\t\t \n\t\taria-hidden=\"true\"><\/span>\t<\/div>\n<\/div><\/div><div id=\"panel-w60645b5bb41bc-0-2-1\" class=\"so-panel widget_sow-headline panel-last-child\" data-index=\"6\" ><div\n\t\t\t\n\t\t\tclass=\"so-widget-sow-headline so-widget-sow-headline-default-b277713ddc3a\"\n\t\t\t\n\t\t><div class=\"sow-headline-container \">\n\t\t\t\t\t\t\t<h3 class=\"sow-headline\">\n\t\t\t\t\t\tHidratadas e prontas a comercializar\t\t\t\t\t\t<\/h3>\n\t\t\t\t\t\t\t\t\t\t\t<div class=\"decoration\">\n\t\t\t\t\t\t<div class=\"decoration-inside\"><\/div>\n\t\t\t\t\t<\/div>\n\t\t\t\t\t<\/div>\n<\/div><\/div><\/div><\/div><\/div><\/div><\/div><div id=\"panel-1937-1-0-2\" class=\"so-panel widget_sow-button\" data-index=\"3\" ><div\n\t\t\t\n\t\t\tclass=\"so-widget-sow-button so-widget-sow-button-flat-767a4c4502aa-1937\"\n\t\t\t\n\t\t><div class=\"ow-button-base ow-button-align-center\"\n>\n\t\t\t<a\n\t\t\t\t\thref=\"https:\/\/www.tutisul.pt\/web\/contactos\/\"\n\t\t\t\t\tclass=\"sowb-button ow-icon-placement-left ow-button-hover\" \t>\n\t\t<span>\n\t\t\t\n\t\t\tCONTACTE-NOS PARA RECEBER MAIS INFORMA\u00c7\u00d5ES\t\t<\/span>\n\t\t\t<\/a>\n\t<\/div>\n<\/div><\/div><div id=\"panel-1937-1-0-3\" class=\"so-panel widget_siteorigin-panels-builder\" data-index=\"4\" ><div id=\"pl-w60621831221ba\"  class=\"panel-layout\" ><div id=\"pg-w60621831221ba-0\"  class=\"panel-grid panel-no-style\" ><div id=\"pgc-w60621831221ba-0-0\"  class=\"panel-grid-cell\" ><div id=\"panel-w60621831221ba-0-0-0\" class=\"so-panel widget_sow-image panel-first-child panel-last-child\" data-index=\"0\" ><div\n\t\t\t\n\t\t\tclass=\"so-widget-sow-image so-widget-sow-image-default-8b5b6f678277\"\n\t\t\t\n\t\t>\n<div class=\"sow-image-container\">\n\t\t<img \n\tsrc=\"https:\/\/www.tutisul.pt\/web\/wp-content\/uploads\/2021\/03\/tutisul_rosas_equador_site_12.jpg\" width=\"600\" height=\"399\" srcset=\"https:\/\/www.tutisul.pt\/web\/wp-content\/uploads\/2021\/03\/tutisul_rosas_equador_site_12.jpg 600w, https:\/\/www.tutisul.pt\/web\/wp-content\/uploads\/2021\/03\/tutisul_rosas_equador_site_12-300x200.jpg 300w, https:\/\/www.tutisul.pt\/web\/wp-content\/uploads\/2021\/03\/tutisul_rosas_equador_site_12-272x182.jpg 272w\" sizes=\"(max-width: 600px) 100vw, 600px\" alt=\"\" \t\tclass=\"so-widget-image\"\/>\n\t<\/div>\n\n<\/div><\/div><\/div><div id=\"pgc-w60621831221ba-0-1\"  class=\"panel-grid-cell\" ><div id=\"panel-w60621831221ba-0-1-0\" class=\"so-panel widget_sow-image panel-first-child panel-last-child\" data-index=\"1\" ><div\n\t\t\t\n\t\t\tclass=\"so-widget-sow-image so-widget-sow-image-default-8b5b6f678277\"\n\t\t\t\n\t\t>\n<div class=\"sow-image-container\">\n\t\t<img \n\tsrc=\"https:\/\/www.tutisul.pt\/web\/wp-content\/uploads\/2021\/03\/tutisul_rosas_equador_site_15.jpg\" width=\"600\" height=\"399\" srcset=\"https:\/\/www.tutisul.pt\/web\/wp-content\/uploads\/2021\/03\/tutisul_rosas_equador_site_15.jpg 600w, https:\/\/www.tutisul.pt\/web\/wp-content\/uploads\/2021\/03\/tutisul_rosas_equador_site_15-300x200.jpg 300w, https:\/\/www.tutisul.pt\/web\/wp-content\/uploads\/2021\/03\/tutisul_rosas_equador_site_15-272x182.jpg 272w\" sizes=\"(max-width: 600px) 100vw, 600px\" alt=\"\" \t\tclass=\"so-widget-image\"\/>\n\t<\/div>\n\n<\/div><\/div><\/div><div id=\"pgc-w60621831221ba-0-2\"  class=\"panel-grid-cell\" ><div id=\"panel-w60621831221ba-0-2-0\" class=\"so-panel widget_sow-image panel-first-child panel-last-child\" data-index=\"2\" ><div\n\t\t\t\n\t\t\tclass=\"so-widget-sow-image so-widget-sow-image-default-8b5b6f678277\"\n\t\t\t\n\t\t>\n<div class=\"sow-image-container\">\n\t\t<img \n\tsrc=\"https:\/\/www.tutisul.pt\/web\/wp-content\/uploads\/2021\/03\/tutisul_rosas_equador_site_13.jpg\" width=\"600\" height=\"399\" srcset=\"https:\/\/www.tutisul.pt\/web\/wp-content\/uploads\/2021\/03\/tutisul_rosas_equador_site_13.jpg 600w, https:\/\/www.tutisul.pt\/web\/wp-content\/uploads\/2021\/03\/tutisul_rosas_equador_site_13-300x200.jpg 300w, https:\/\/www.tutisul.pt\/web\/wp-content\/uploads\/2021\/03\/tutisul_rosas_equador_site_13-272x182.jpg 272w\" sizes=\"(max-width: 600px) 100vw, 600px\" alt=\"\" \t\tclass=\"so-widget-image\"\/>\n\t<\/div>\n\n<\/div><\/div><\/div><\/div><\/div><\/div><div id=\"panel-1937-1-0-4\" class=\"so-panel widget_siteorigin-panels-builder panel-last-child\" data-index=\"5\" ><div id=\"pl-w60620ccf55fb6\"  class=\"panel-layout\" ><div id=\"pg-w60620ccf55fb6-0\"  class=\"panel-grid panel-no-style\" ><div id=\"pgc-w60620ccf55fb6-0-0\"  class=\"panel-grid-cell\" ><div id=\"panel-w60620ccf55fb6-0-0-0\" class=\"so-panel widget_sow-image panel-first-child panel-last-child\" data-index=\"0\" ><div\n\t\t\t\n\t\t\tclass=\"so-widget-sow-image so-widget-sow-image-default-8b5b6f678277\"\n\t\t\t\n\t\t>\n<div class=\"sow-image-container\">\n\t\t<img \n\tsrc=\"https:\/\/www.tutisul.pt\/web\/wp-content\/uploads\/2021\/03\/tutisul_rosas_equador_site_08.jpg\" width=\"600\" height=\"399\" srcset=\"https:\/\/www.tutisul.pt\/web\/wp-content\/uploads\/2021\/03\/tutisul_rosas_equador_site_08.jpg 600w, https:\/\/www.tutisul.pt\/web\/wp-content\/uploads\/2021\/03\/tutisul_rosas_equador_site_08-300x200.jpg 300w, https:\/\/www.tutisul.pt\/web\/wp-content\/uploads\/2021\/03\/tutisul_rosas_equador_site_08-272x182.jpg 272w\" sizes=\"(max-width: 600px) 100vw, 600px\" alt=\"\" \t\tclass=\"so-widget-image\"\/>\n\t<\/div>\n\n<\/div><\/div><\/div><div id=\"pgc-w60620ccf55fb6-0-1\"  class=\"panel-grid-cell\" ><div id=\"panel-w60620ccf55fb6-0-1-0\" class=\"so-panel widget_sow-image panel-first-child panel-last-child\" data-index=\"1\" ><div\n\t\t\t\n\t\t\tclass=\"so-widget-sow-image so-widget-sow-image-default-8b5b6f678277\"\n\t\t\t\n\t\t>\n<div class=\"sow-image-container\">\n\t\t<img \n\tsrc=\"https:\/\/www.tutisul.pt\/web\/wp-content\/uploads\/2021\/03\/tutisul_rosas_equador_site_10.jpg\" width=\"600\" height=\"399\" srcset=\"https:\/\/www.tutisul.pt\/web\/wp-content\/uploads\/2021\/03\/tutisul_rosas_equador_site_10.jpg 600w, https:\/\/www.tutisul.pt\/web\/wp-content\/uploads\/2021\/03\/tutisul_rosas_equador_site_10-300x200.jpg 300w, https:\/\/www.tutisul.pt\/web\/wp-content\/uploads\/2021\/03\/tutisul_rosas_equador_site_10-272x182.jpg 272w\" sizes=\"(max-width: 600px) 100vw, 600px\" alt=\"\" \t\tclass=\"so-widget-image\"\/>\n\t<\/div>\n\n<\/div><\/div><\/div><div id=\"pgc-w60620ccf55fb6-0-2\"  class=\"panel-grid-cell\" ><div id=\"panel-w60620ccf55fb6-0-2-0\" class=\"so-panel widget_sow-image panel-first-child panel-last-child\" data-index=\"2\" ><div\n\t\t\t\n\t\t\tclass=\"so-widget-sow-image so-widget-sow-image-default-8b5b6f678277\"\n\t\t\t\n\t\t>\n<div class=\"sow-image-container\">\n\t\t<img \n\tsrc=\"https:\/\/www.tutisul.pt\/web\/wp-content\/uploads\/2021\/03\/tutisul_rosas_equador_site_09.jpg\" width=\"600\" height=\"400\" srcset=\"https:\/\/www.tutisul.pt\/web\/wp-content\/uploads\/2021\/03\/tutisul_rosas_equador_site_09.jpg 600w, https:\/\/www.tutisul.pt\/web\/wp-content\/uploads\/2021\/03\/tutisul_rosas_equador_site_09-300x200.jpg 300w, https:\/\/www.tutisul.pt\/web\/wp-content\/uploads\/2021\/03\/tutisul_rosas_equador_site_09-272x182.jpg 272w\" sizes=\"(max-width: 600px) 100vw, 600px\" alt=\"\" \t\tclass=\"so-widget-image\"\/>\n\t<\/div>\n\n<\/div><\/div><\/div><\/div><\/div><\/div><\/div><div id=\"pgc-1937-1-1\"  class=\"panel-grid-cell\" ><div id=\"panel-1937-1-1-0\" class=\"so-panel widget_nav_menu panel-first-child\" data-index=\"6\" ><div class=\"panel-widget-style panel-widget-style-for-1937-1-1-0\" ><h3 class=\"widget-title\">Rosas do Equador<\/h3><div class=\"menu-rosas-do-equador-container\"><ul id=\"menu-rosas-do-equador\" class=\"menu\"><li id=\"menu-item-2190\" class=\"menu-item menu-item-type-post_type menu-item-object-page menu-item-2190\"><a href=\"https:\/\/www.tutisul.pt\/web\/rosas-do-equador-a-grande-viagem\/\">A Grande Viagem<\/a><\/li>\n<li id=\"menu-item-2188\" class=\"menu-item menu-item-type-post_type menu-item-object-page menu-item-2188\"><a href=\"https:\/\/www.tutisul.pt\/web\/rosas-do-equador-variedades\/\">Variedades<\/a><\/li>\n<li id=\"menu-item-2295\" class=\"menu-item menu-item-type-post_type menu-item-object-page menu-item-2295\"><a href=\"https:\/\/www.tutisul.pt\/web\/rosas-do-equador\/\">Rose Premium Box<\/a><\/li>\n<li id=\"menu-item-2497\" class=\"menu-item menu-item-type-post_type menu-item-object-page menu-item-2497\"><a href=\"https:\/\/www.tutisul.pt\/web\/rosas-do-equador-parceiros\/\">Parceiros<\/a><\/li>\n<li id=\"menu-item-2189\" class=\"menu-item menu-item-type-post_type menu-item-object-page menu-item-2189\"><a href=\"https:\/\/www.tutisul.pt\/web\/como-cuidar-das-rosas\/\">Como cuidar das Rosas<\/a><\/li>\n<\/ul><\/div><\/div><\/div><div id=\"panel-1937-1-1-1\" class=\"so-panel widget_sow-image panel-last-child\" data-index=\"7\" ><div\n\t\t\t\n\t\t\tclass=\"so-widget-sow-image so-widget-sow-image-default-c67d20f9f743-1937\"\n\t\t\t\n\t\t>\n<div class=\"sow-image-container\">\n\t\t\t<a href=\"https:\/\/www.tutisul.pt\/web\/contactos\/\"\n\t\t\t\t\t>\n\t\t\t<img \n\tsrc=\"https:\/\/www.tutisul.pt\/web\/wp-content\/uploads\/2017\/07\/Tutisul_Fale_Connosco.png\" width=\"192\" height=\"180\" sizes=\"(max-width: 192px) 100vw, 192px\" alt=\"\" \t\tclass=\"so-widget-image\"\/>\n\t\t\t<\/a><\/div>\n\n<\/div><\/div><\/div><\/div><\/div><\/div>","protected":false},"excerpt":{"rendered":"<p>Rose Premium Box A MELHOR SELE\u00c7\u00c3O DE ROSAS DO MUNDO Trazemos at\u00e9 si a inovadora &#8220;Rose Premium Box&#8221;, composta pela melhor sele\u00e7\u00e3o de Rosas do Mundo. Rosas do Equador de qualidade superior, selecionadas e totalmente otimizadas para comercializa\u00e7\u00e3o nas melhores condi\u00e7\u00f5es.<\/p>\n","protected":false},"author":1,"featured_media":0,"parent":0,"menu_order":0,"comment_status":"closed","ping_status":"closed","template":"page-fullwidth.php","meta":{"footnotes":""},"class_list":["post-1937","page","type-page","status-publish","hentry"],"_links":{"self":[{"href":"https:\/\/www.tutisul.pt\/web\/wp-json\/wp\/v2\/pages\/1937","targetHints":{"allow":["GET"]}}],"collection":[{"href":"https:\/\/www.tutisul.pt\/web\/wp-json\/wp\/v2\/pages"}],"about":[{"href":"https:\/\/www.tutisul.pt\/web\/wp-json\/wp\/v2\/types\/page"}],"author":[{"embeddable":true,"href":"https:\/\/www.tutisul.pt\/web\/wp-json\/wp\/v2\/users\/1"}],"replies":[{"embeddable":true,"href":"https:\/\/www.tutisul.pt\/web\/wp-json\/wp\/v2\/comments?post=1937"}],"version-history":[{"count":139,"href":"https:\/\/www.tutisul.pt\/web\/wp-json\/wp\/v2\/pages\/1937\/revisions"}],"predecessor-version":[{"id":2499,"href":"https:\/\/www.tutisul.pt\/web\/wp-json\/wp\/v2\/pages\/1937\/revisions\/2499"}],"wp:attachment":[{"href":"https:\/\/www.tutisul.pt\/web\/wp-json\/wp\/v2\/media?parent=1937"}],"curies":[{"name":"wp","href":"https:\/\/api.w.org\/{rel}","templated":true}]}}