{"id":2147,"date":"2021-03-17T09:54:58","date_gmt":"2021-03-17T09:54:58","guid":{"rendered":"https:\/\/www.tutisul.pt\/web\/?page_id=2147"},"modified":"2021-03-22T16:04:40","modified_gmt":"2021-03-22T16:04:40","slug":"rosas-do-equador-a-grande-viagem","status":"publish","type":"page","link":"https:\/\/www.tutisul.pt\/web\/rosas-do-equador-a-grande-viagem\/","title":{"rendered":"Rosas do Equador &#8211; A Grande Viagem"},"content":{"rendered":"<div id=\"pl-2147\"  class=\"panel-layout\" ><div id=\"pg-2147-0\"  class=\"panel-grid panel-has-style\" ><div class=\"siteorigin-panels-stretch panel-row-style panel-row-style-for-2147-0\" data-stretch-type=\"full-stretched\" ><div id=\"pgc-2147-0-0\"  class=\"panel-grid-cell\" ><div id=\"panel-2147-0-0-0\" class=\"so-panel widget_sow-slider panel-first-child panel-last-child\" data-index=\"0\" ><div\n\t\t\t\n\t\t\tclass=\"so-widget-sow-slider so-widget-sow-slider-default-6d39609536fd-2147\"\n\t\t\t\n\t\t>\t\t\t\t<div class=\"sow-slider-base\" style=\"display: none\" tabindex=\"0\">\n\t\t\t\t\t<ul\n\t\t\t\t\tclass=\"sow-slider-images\"\n\t\t\t\t\tdata-settings=\"{&quot;pagination&quot;:true,&quot;speed&quot;:800,&quot;timeout&quot;:8000,&quot;paused&quot;:false,&quot;pause_on_hover&quot;:false,&quot;swipe&quot;:true,&quot;nav_always_show_desktop&quot;:&quot;&quot;,&quot;nav_always_show_mobile&quot;:&quot;&quot;,&quot;breakpoint&quot;:&quot;780px&quot;,&quot;unmute&quot;:false,&quot;anchor&quot;:null}\"\n\t\t\t\t\t\t\t\t\t\tdata-anchor-id=\"\"\n\t\t\t\t>\t\t<li class=\"sow-slider-image\" style=\"visibility: visible;\" >\n\t\t\t\t\t\t<img loading=\"lazy\" decoding=\"async\" width=\"1903\" height=\"545\" src=\"https:\/\/www.tutisul.pt\/web\/wp-content\/uploads\/2021\/03\/Tutisul_Banner_Rosas_Equador_01.jpg\" class=\"sow-slider-background-image\" alt=\"\" style=\"\" srcset=\"https:\/\/www.tutisul.pt\/web\/wp-content\/uploads\/2021\/03\/Tutisul_Banner_Rosas_Equador_01.jpg 1903w, https:\/\/www.tutisul.pt\/web\/wp-content\/uploads\/2021\/03\/Tutisul_Banner_Rosas_Equador_01-300x86.jpg 300w, https:\/\/www.tutisul.pt\/web\/wp-content\/uploads\/2021\/03\/Tutisul_Banner_Rosas_Equador_01-1024x293.jpg 1024w, https:\/\/www.tutisul.pt\/web\/wp-content\/uploads\/2021\/03\/Tutisul_Banner_Rosas_Equador_01-768x220.jpg 768w, https:\/\/www.tutisul.pt\/web\/wp-content\/uploads\/2021\/03\/Tutisul_Banner_Rosas_Equador_01-1536x440.jpg 1536w\" sizes=\"auto, (max-width: 1903px) 100vw, 1903px\" \/>\t\t<\/li>\n\t\t\t\t<li class=\"sow-slider-image\" style=\"visibility: hidden;\" >\n\t\t\t\t\t\t<img loading=\"lazy\" decoding=\"async\" width=\"1903\" height=\"545\" src=\"https:\/\/www.tutisul.pt\/web\/wp-content\/uploads\/2021\/03\/Tutisul_Banner_Rosas_Equador_06.jpg\" class=\"sow-slider-background-image\" alt=\"\" style=\"\" srcset=\"https:\/\/www.tutisul.pt\/web\/wp-content\/uploads\/2021\/03\/Tutisul_Banner_Rosas_Equador_06.jpg 1903w, https:\/\/www.tutisul.pt\/web\/wp-content\/uploads\/2021\/03\/Tutisul_Banner_Rosas_Equador_06-300x86.jpg 300w, https:\/\/www.tutisul.pt\/web\/wp-content\/uploads\/2021\/03\/Tutisul_Banner_Rosas_Equador_06-1024x293.jpg 1024w, https:\/\/www.tutisul.pt\/web\/wp-content\/uploads\/2021\/03\/Tutisul_Banner_Rosas_Equador_06-768x220.jpg 768w, https:\/\/www.tutisul.pt\/web\/wp-content\/uploads\/2021\/03\/Tutisul_Banner_Rosas_Equador_06-1536x440.jpg 1536w\" sizes=\"auto, (max-width: 1903px) 100vw, 1903px\" \/>\t\t<\/li>\n\t\t\t\t<li class=\"sow-slider-image\" style=\"visibility: hidden;\" >\n\t\t\t\t\t\t<img loading=\"lazy\" decoding=\"async\" width=\"1903\" height=\"545\" src=\"https:\/\/www.tutisul.pt\/web\/wp-content\/uploads\/2021\/03\/Tutisul_Banner_Rosas_Equador_07.jpg\" class=\"sow-slider-background-image\" alt=\"\" style=\"\" srcset=\"https:\/\/www.tutisul.pt\/web\/wp-content\/uploads\/2021\/03\/Tutisul_Banner_Rosas_Equador_07.jpg 1903w, https:\/\/www.tutisul.pt\/web\/wp-content\/uploads\/2021\/03\/Tutisul_Banner_Rosas_Equador_07-300x86.jpg 300w, https:\/\/www.tutisul.pt\/web\/wp-content\/uploads\/2021\/03\/Tutisul_Banner_Rosas_Equador_07-1024x293.jpg 1024w, https:\/\/www.tutisul.pt\/web\/wp-content\/uploads\/2021\/03\/Tutisul_Banner_Rosas_Equador_07-768x220.jpg 768w, https:\/\/www.tutisul.pt\/web\/wp-content\/uploads\/2021\/03\/Tutisul_Banner_Rosas_Equador_07-1536x440.jpg 1536w\" sizes=\"auto, (max-width: 1903px) 100vw, 1903px\" \/>\t\t<\/li>\n\t\t<\/ul>\t\t\t\t<ol class=\"sow-slider-pagination\">\n\t\t\t\t\t\t\t\t\t\t\t<li><a href=\"#\" data-goto=\"0\" aria-label=\"Display slide 1\"><\/a><\/li>\n\t\t\t\t\t\t\t\t\t\t\t<li><a href=\"#\" data-goto=\"1\" aria-label=\"Display slide 2\"><\/a><\/li>\n\t\t\t\t\t\t\t\t\t\t\t<li><a href=\"#\" data-goto=\"2\" aria-label=\"Display slide 3\"><\/a><\/li>\n\t\t\t\t\t\t\t\t\t<\/ol>\n\n\t\t\t\t<div class=\"sow-slide-nav sow-slide-nav-next\">\n\t\t\t\t\t<a href=\"#\" data-goto=\"next\" aria-label=\"Next slide\" data-action=\"next\">\n\t\t\t\t\t\t<em class=\"sow-sld-icon-thin-right\"><\/em>\n\t\t\t\t\t<\/a>\n\t\t\t\t<\/div>\n\n\t\t\t\t<div class=\"sow-slide-nav sow-slide-nav-prev\">\n\t\t\t\t\t<a href=\"#\" data-goto=\"previous\" aria-label=\"Previous slide\" data-action=\"prev\">\n\t\t\t\t\t\t<em class=\"sow-sld-icon-thin-left\"><\/em>\n\t\t\t\t\t<\/a>\n\t\t\t\t<\/div>\n\t\t\t\t<\/div><\/div><\/div><\/div><\/div><\/div><div id=\"pg-2147-1\"  class=\"panel-grid panel-no-style\" ><div id=\"pgc-2147-1-0\"  class=\"panel-grid-cell\" ><div id=\"panel-2147-1-0-0\" class=\"so-panel widget_sow-editor panel-first-child\" data-index=\"1\" ><div class=\"panel-widget-style panel-widget-style-for-2147-1-0-0\" ><div\n\t\t\t\n\t\t\tclass=\"so-widget-sow-editor so-widget-sow-editor-base\"\n\t\t\t\n\t\t>\n<div class=\"siteorigin-widget-tinymce textwidget\">\n\t<h1><span style=\"font-size: 36pt;\"><em>A grande viagem...<br \/>\ndesde o Equador at\u00e9 \u00e0 Tutisul<\/em><\/span><\/h1>\n<hr \/>\n<h3><em>As Rosas do Equador percorrem uma longa jornada desde a sua colheita at\u00e9 chegarem \u00e0 Tutisul.<\/em><\/h3>\n<p>O meio de transporte pelo qual chegam rapidamente a todos os continentes do mundo, \u00e9 atrav\u00e9s do transporte a\u00e9reo. Diariamente, centenas de avi\u00f5es partem de Quito para os mais diversos pa\u00edses do mundo com os por\u00f5es completamente cheios de rosas.<\/p>\n<blockquote>\n<p>Apesar das longas dist\u00e2ncias percorridas, as Rosas do Equador suportam facilmente a viagem e chegam \u00e0s nossas m\u00e3os em \u00f3timas condi\u00e7\u00f5es.<\/p>\n<\/blockquote>\n<p>Assim que recebemos as Rosas do Equador, procedemos de imediato \u00e0 sua inspe\u00e7\u00e3o, corte, acondicionamento e coloca\u00e7\u00e3o em hidrata\u00e7\u00e3o, para que desta forma, possam recuperar do stress provocado pela viagem.<\/p>\n<p>Depois de algumas horas, as Rosas do Equador est\u00e3o novamente em perfeitas condi\u00e7\u00f5es.<\/p>\n<\/div>\n<\/div><\/div><\/div><div id=\"panel-2147-1-0-1\" class=\"so-panel widget_siteorigin-panels-builder\" data-index=\"2\" ><div id=\"pl-w60588c722f97e\"  class=\"panel-layout\" ><div id=\"pg-w60588c722f97e-0\"  class=\"panel-grid panel-no-style\" ><div id=\"pgc-w60588c722f97e-0-0\"  class=\"panel-grid-cell\" ><div id=\"panel-w60588c722f97e-0-0-0\" class=\"so-panel widget_sow-image panel-first-child panel-last-child\" data-index=\"0\" ><div\n\t\t\t\n\t\t\tclass=\"so-widget-sow-image so-widget-sow-image-default-8b5b6f678277\"\n\t\t\t\n\t\t>\n<div class=\"sow-image-container\">\n\t\t<img \n\tsrc=\"https:\/\/www.tutisul.pt\/web\/wp-content\/uploads\/2021\/03\/tutisul_rosas_equador_site_01.jpg\" width=\"600\" height=\"400\" srcset=\"https:\/\/www.tutisul.pt\/web\/wp-content\/uploads\/2021\/03\/tutisul_rosas_equador_site_01.jpg 600w, https:\/\/www.tutisul.pt\/web\/wp-content\/uploads\/2021\/03\/tutisul_rosas_equador_site_01-300x200.jpg 300w, https:\/\/www.tutisul.pt\/web\/wp-content\/uploads\/2021\/03\/tutisul_rosas_equador_site_01-272x182.jpg 272w\" sizes=\"(max-width: 600px) 100vw, 600px\" alt=\"\" \t\tclass=\"so-widget-image\"\/>\n\t<\/div>\n\n<\/div><\/div><\/div><div id=\"pgc-w60588c722f97e-0-1\"  class=\"panel-grid-cell\" ><div id=\"panel-w60588c722f97e-0-1-0\" class=\"so-panel widget_sow-image panel-first-child panel-last-child\" data-index=\"1\" ><div\n\t\t\t\n\t\t\tclass=\"so-widget-sow-image so-widget-sow-image-default-8b5b6f678277\"\n\t\t\t\n\t\t>\n<div class=\"sow-image-container\">\n\t\t<img \n\tsrc=\"https:\/\/www.tutisul.pt\/web\/wp-content\/uploads\/2021\/03\/tutisul_rosas_equador_site_02.jpg\" width=\"600\" height=\"400\" srcset=\"https:\/\/www.tutisul.pt\/web\/wp-content\/uploads\/2021\/03\/tutisul_rosas_equador_site_02.jpg 600w, https:\/\/www.tutisul.pt\/web\/wp-content\/uploads\/2021\/03\/tutisul_rosas_equador_site_02-300x200.jpg 300w, https:\/\/www.tutisul.pt\/web\/wp-content\/uploads\/2021\/03\/tutisul_rosas_equador_site_02-272x182.jpg 272w\" sizes=\"(max-width: 600px) 100vw, 600px\" alt=\"\" \t\tclass=\"so-widget-image\"\/>\n\t<\/div>\n\n<\/div><\/div><\/div><div id=\"pgc-w60588c722f97e-0-2\"  class=\"panel-grid-cell\" ><div id=\"panel-w60588c722f97e-0-2-0\" class=\"so-panel widget_sow-image panel-first-child panel-last-child\" data-index=\"2\" ><div\n\t\t\t\n\t\t\tclass=\"so-widget-sow-image so-widget-sow-image-default-8b5b6f678277\"\n\t\t\t\n\t\t>\n<div class=\"sow-image-container\">\n\t\t<img \n\tsrc=\"https:\/\/www.tutisul.pt\/web\/wp-content\/uploads\/2021\/03\/tutisul_rosas_equador_site_03.jpg\" width=\"600\" height=\"400\" srcset=\"https:\/\/www.tutisul.pt\/web\/wp-content\/uploads\/2021\/03\/tutisul_rosas_equador_site_03.jpg 600w, https:\/\/www.tutisul.pt\/web\/wp-content\/uploads\/2021\/03\/tutisul_rosas_equador_site_03-300x200.jpg 300w, https:\/\/www.tutisul.pt\/web\/wp-content\/uploads\/2021\/03\/tutisul_rosas_equador_site_03-272x182.jpg 272w\" sizes=\"(max-width: 600px) 100vw, 600px\" alt=\"\" \t\tclass=\"so-widget-image\"\/>\n\t<\/div>\n\n<\/div><\/div><\/div><\/div><\/div><\/div><div id=\"panel-2147-1-0-2\" class=\"so-panel widget_sow-editor\" data-index=\"3\" ><div class=\"panel-widget-style panel-widget-style-for-2147-1-0-2\" ><div\n\t\t\t\n\t\t\tclass=\"so-widget-sow-editor so-widget-sow-editor-base\"\n\t\t\t\n\t\t>\n<div class=\"siteorigin-widget-tinymce textwidget\">\n\t<h1><span style=\"font-size: 36pt;\"><em>Sobre as Rosas do Equador<br \/>\n<\/em><\/span><\/h1>\n<hr \/>\n<h3><em>A localiza\u00e7\u00e3o geogr\u00e1fica favor\u00e1vel do Equador, \u00e9 um dos principais fatores de desenvolvimento da ind\u00fastria floral neste pa\u00eds.<\/em><\/h3>\n<p>As principais prov\u00edncias de cultivo de rosas s\u00e3o: Cayambe, Pichincha e Cotopaxi. As produ\u00e7\u00f5es est\u00e3o localizadas no sop\u00e9 da Cordilheira dos Andes, entre os 2.000 e os 3.000 metros de altitude acima do n\u00edvel do mar. Estas regi\u00f5es elevadas, possuem um microclima \u00fanico, reunindo desta forma as condi\u00e7\u00f5es ideias para o cultivo e produ\u00e7\u00e3o de rosas de elevada qualidade.<\/p>\n<p>Uma vez que este pa\u00eds est\u00e1 localizado sobre a linha do equador, significa que desfruta de aproximadamente de 12 horas de luz natural e temperaturas constantes durante todo o ano.<\/p>\n<p>Normalmente, associamos os pa\u00edses equatoriais como sendo quentes e repletos de florestas tropicais. Pese embora existam \u00e1reas naturais com estas caracter\u00edsticas no Equador, tamb\u00e9m \u00e9 verdade, que pela presen\u00e7a da cadeia montanhosa dos Andes, existem, zonas de maior altitude, que oferecem nestas circunst\u00e2ncias climas prop\u00edcios \u00e0 ocorr\u00eancia de chuvas constantes e temperaturas frescas, que s\u00e3o as ideais para o cultivo de rosas.<\/p>\n<p>Regra geral, altitudes mais altas conjugadas com temperaturas relativamente baixas, proporcionam que o processo de desenvolvimento das rosas ocorra de forma mais lenta.<\/p>\n<p>Deste modo, tirando partido do clima ameno do pa\u00eds de origem (cerca de 20 graus durante o dia), e da permanente exposi\u00e7\u00e3o solar (aproximadamente doze horas di\u00e1rias), \u00e9 poss\u00edvel cultivar nestas circunst\u00e2ncias muito espec\u00edficas, roseiras que desenvolvem caules mais longos e que consequentemente ir\u00e3o gerar bot\u00f5es grandes robustos e duradouros.<\/p>\n<p>Estas caracter\u00edsticas tornam as Rosas do Equador \u00fanicas no Mundo.<\/p>\n<\/div>\n<\/div><\/div><\/div><div id=\"panel-2147-1-0-3\" class=\"so-panel widget_siteorigin-panels-builder\" data-index=\"4\" ><div id=\"pl-w60588df309cea\"  class=\"panel-layout\" ><div id=\"pg-w60588df309cea-0\"  class=\"panel-grid panel-no-style\" ><div id=\"pgc-w60588df309cea-0-0\"  class=\"panel-grid-cell\" ><div id=\"panel-w60588df309cea-0-0-0\" class=\"so-panel widget_sow-image panel-first-child panel-last-child\" data-index=\"0\" ><div\n\t\t\t\n\t\t\tclass=\"so-widget-sow-image so-widget-sow-image-default-8b5b6f678277\"\n\t\t\t\n\t\t>\n<div class=\"sow-image-container\">\n\t\t<img \n\tsrc=\"https:\/\/www.tutisul.pt\/web\/wp-content\/uploads\/2021\/03\/tutisul_rosas_equador_site_04.jpg\" width=\"600\" height=\"400\" srcset=\"https:\/\/www.tutisul.pt\/web\/wp-content\/uploads\/2021\/03\/tutisul_rosas_equador_site_04.jpg 600w, https:\/\/www.tutisul.pt\/web\/wp-content\/uploads\/2021\/03\/tutisul_rosas_equador_site_04-300x200.jpg 300w, https:\/\/www.tutisul.pt\/web\/wp-content\/uploads\/2021\/03\/tutisul_rosas_equador_site_04-272x182.jpg 272w\" sizes=\"(max-width: 600px) 100vw, 600px\" alt=\"\" \t\tclass=\"so-widget-image\"\/>\n\t<\/div>\n\n<\/div><\/div><\/div><div id=\"pgc-w60588df309cea-0-1\"  class=\"panel-grid-cell\" ><div id=\"panel-w60588df309cea-0-1-0\" class=\"so-panel widget_sow-image panel-first-child panel-last-child\" data-index=\"1\" ><div\n\t\t\t\n\t\t\tclass=\"so-widget-sow-image so-widget-sow-image-default-8b5b6f678277\"\n\t\t\t\n\t\t>\n<div class=\"sow-image-container\">\n\t\t<img \n\tsrc=\"https:\/\/www.tutisul.pt\/web\/wp-content\/uploads\/2021\/03\/tutisul_rosas_equador_site_05.jpg\" width=\"600\" height=\"400\" srcset=\"https:\/\/www.tutisul.pt\/web\/wp-content\/uploads\/2021\/03\/tutisul_rosas_equador_site_05.jpg 600w, https:\/\/www.tutisul.pt\/web\/wp-content\/uploads\/2021\/03\/tutisul_rosas_equador_site_05-300x200.jpg 300w, https:\/\/www.tutisul.pt\/web\/wp-content\/uploads\/2021\/03\/tutisul_rosas_equador_site_05-272x182.jpg 272w\" sizes=\"(max-width: 600px) 100vw, 600px\" alt=\"\" \t\tclass=\"so-widget-image\"\/>\n\t<\/div>\n\n<\/div><\/div><\/div><div id=\"pgc-w60588df309cea-0-2\"  class=\"panel-grid-cell\" ><div id=\"panel-w60588df309cea-0-2-0\" class=\"so-panel widget_sow-image panel-first-child panel-last-child\" data-index=\"2\" ><div\n\t\t\t\n\t\t\tclass=\"so-widget-sow-image so-widget-sow-image-default-8b5b6f678277\"\n\t\t\t\n\t\t>\n<div class=\"sow-image-container\">\n\t\t<img \n\tsrc=\"https:\/\/www.tutisul.pt\/web\/wp-content\/uploads\/2021\/03\/tutisul_rosas_equador_site_06-1.jpg\" width=\"600\" height=\"400\" srcset=\"https:\/\/www.tutisul.pt\/web\/wp-content\/uploads\/2021\/03\/tutisul_rosas_equador_site_06-1.jpg 600w, https:\/\/www.tutisul.pt\/web\/wp-content\/uploads\/2021\/03\/tutisul_rosas_equador_site_06-1-300x200.jpg 300w, https:\/\/www.tutisul.pt\/web\/wp-content\/uploads\/2021\/03\/tutisul_rosas_equador_site_06-1-272x182.jpg 272w\" sizes=\"(max-width: 600px) 100vw, 600px\" title=\"tutisul_rosas_equador_site_06\" alt=\"\" \t\tclass=\"so-widget-image\"\/>\n\t<\/div>\n\n<\/div><\/div><\/div><\/div><\/div><\/div><div id=\"panel-2147-1-0-4\" class=\"so-panel widget_sow-editor panel-last-child\" data-index=\"5\" ><div class=\"panel-widget-style panel-widget-style-for-2147-1-0-4\" ><div\n\t\t\t\n\t\t\tclass=\"so-widget-sow-editor so-widget-sow-editor-base\"\n\t\t\t\n\t\t>\n<div class=\"siteorigin-widget-tinymce textwidget\">\n\t<p>Atualmente, a oferta de Rosas do Equador \u00e9 muito vasta existindo mais de 200 variedades diferentes.<\/p>\n<p>A maioria das produ\u00e7\u00f5es t\u00eam como principais variedades de refer\u00eancia a Rosa: Freedom, Explorer, Mondial e Vendela.<\/p>\n<p>No entanto, o mercado est\u00e1 em permanente evolu\u00e7\u00e3o e transforma\u00e7\u00e3o, surgindo frequentemente novas variedades e bot\u00f5es num curto espa\u00e7o de tempo.<\/p>\n<p>Esta busca permanente pela diferencia\u00e7\u00e3o e inova\u00e7\u00e3o, leva a que os empres\u00e1rios deste setor invistam cada vez mais, ano ap\u00f3s ano, na produ\u00e7\u00e3o de novas e melhores variedades.<\/p>\n<p>Do ponto de vista da dura\u00e7\u00e3o podemos afirmar que as Rosas do Equador podem durar aproximadamente 20 dias, quando garantidas todas as condi\u00e7\u00f5es desde a sua origem at\u00e9 ao destino final.<\/p>\n<p>Durante este per\u00edodo de tempo, contabilizamos o servi\u00e7o de transporte que pode variar entre 3 a 5 dias, mais o tempo de hidrata\u00e7\u00e3o necess\u00e1rio. Ainda assim, as Rosas podem ter facilmente mais duas semanas de vida desde que chegam \u00e0 Tutisul.<\/p>\n<\/div>\n<\/div><\/div><\/div><\/div><div id=\"pgc-2147-1-1\"  class=\"panel-grid-cell\" ><div id=\"panel-2147-1-1-0\" class=\"so-panel widget_nav_menu panel-first-child\" data-index=\"6\" ><div class=\"panel-widget-style panel-widget-style-for-2147-1-1-0\" ><h3 class=\"widget-title\">Rosas do Equador<\/h3><div class=\"menu-rosas-do-equador-container\"><ul id=\"menu-rosas-do-equador\" class=\"menu\"><li id=\"menu-item-2190\" class=\"menu-item menu-item-type-post_type menu-item-object-page menu-item-2190\"><a href=\"https:\/\/www.tutisul.pt\/web\/rosas-do-equador-a-grande-viagem\/\">A Grande Viagem<\/a><\/li>\n<li id=\"menu-item-2188\" class=\"menu-item menu-item-type-post_type menu-item-object-page menu-item-2188\"><a href=\"https:\/\/www.tutisul.pt\/web\/rosas-do-equador-variedades\/\">Variedades<\/a><\/li>\n<li id=\"menu-item-2295\" class=\"menu-item menu-item-type-post_type menu-item-object-page menu-item-2295\"><a href=\"https:\/\/www.tutisul.pt\/web\/rosas-do-equador\/\">Rose Premium Box<\/a><\/li>\n<li id=\"menu-item-2497\" class=\"menu-item menu-item-type-post_type menu-item-object-page menu-item-2497\"><a href=\"https:\/\/www.tutisul.pt\/web\/rosas-do-equador-parceiros\/\">Parceiros<\/a><\/li>\n<li id=\"menu-item-2189\" class=\"menu-item menu-item-type-post_type menu-item-object-page menu-item-2189\"><a href=\"https:\/\/www.tutisul.pt\/web\/como-cuidar-das-rosas\/\">Como cuidar das Rosas<\/a><\/li>\n<\/ul><\/div><\/div><\/div><div id=\"panel-2147-1-1-1\" class=\"so-panel widget_sow-image panel-last-child\" data-index=\"7\" ><div\n\t\t\t\n\t\t\tclass=\"so-widget-sow-image so-widget-sow-image-default-c67d20f9f743-2147\"\n\t\t\t\n\t\t>\n<div class=\"sow-image-container\">\n\t\t\t<a href=\"https:\/\/www.tutisul.pt\/web\/contactos\/\"\n\t\t\t\t\t>\n\t\t\t<img \n\tsrc=\"https:\/\/www.tutisul.pt\/web\/wp-content\/uploads\/2017\/07\/Tutisul_Fale_Connosco.png\" width=\"192\" height=\"180\" sizes=\"(max-width: 192px) 100vw, 192px\" alt=\"\" \t\tclass=\"so-widget-image\"\/>\n\t\t\t<\/a><\/div>\n\n<\/div><\/div><\/div><\/div><\/div>","protected":false},"excerpt":{"rendered":"<p>A grande viagem&#8230; desde o Equador at\u00e9 \u00e0 Tutisul As Rosas do Equador percorrem uma longa jornada desde a sua colheita at\u00e9 chegarem \u00e0 Tutisul. O meio de transporte pelo qual chegam rapidamente a todos os continentes do mundo, \u00e9 atrav\u00e9s do transporte a\u00e9reo. Diariamente, centenas de avi\u00f5es partem de Quito para os mais diversos [&hellip;]<\/p>\n","protected":false},"author":1,"featured_media":0,"parent":0,"menu_order":0,"comment_status":"closed","ping_status":"closed","template":"page-fullwidth.php","meta":{"footnotes":""},"class_list":["post-2147","page","type-page","status-publish","hentry"],"_links":{"self":[{"href":"https:\/\/www.tutisul.pt\/web\/wp-json\/wp\/v2\/pages\/2147","targetHints":{"allow":["GET"]}}],"collection":[{"href":"https:\/\/www.tutisul.pt\/web\/wp-json\/wp\/v2\/pages"}],"about":[{"href":"https:\/\/www.tutisul.pt\/web\/wp-json\/wp\/v2\/types\/page"}],"author":[{"embeddable":true,"href":"https:\/\/www.tutisul.pt\/web\/wp-json\/wp\/v2\/users\/1"}],"replies":[{"embeddable":true,"href":"https:\/\/www.tutisul.pt\/web\/wp-json\/wp\/v2\/comments?post=2147"}],"version-history":[{"count":41,"href":"https:\/\/www.tutisul.pt\/web\/wp-json\/wp\/v2\/pages\/2147\/revisions"}],"predecessor-version":[{"id":2346,"href":"https:\/\/www.tutisul.pt\/web\/wp-json\/wp\/v2\/pages\/2147\/revisions\/2346"}],"wp:attachment":[{"href":"https:\/\/www.tutisul.pt\/web\/wp-json\/wp\/v2\/media?parent=2147"}],"curies":[{"name":"wp","href":"https:\/\/api.w.org\/{rel}","templated":true}]}}