{"id":2168,"date":"2021-03-17T10:13:32","date_gmt":"2021-03-17T10:13:32","guid":{"rendered":"https:\/\/www.tutisul.pt\/web\/?page_id=2168"},"modified":"2021-03-22T16:05:29","modified_gmt":"2021-03-22T16:05:29","slug":"como-cuidar-das-rosas","status":"publish","type":"page","link":"https:\/\/www.tutisul.pt\/web\/como-cuidar-das-rosas\/","title":{"rendered":"Como cuidar das Rosas"},"content":{"rendered":"<div id=\"pl-2168\"  class=\"panel-layout\" ><div id=\"pg-2168-0\"  class=\"panel-grid panel-has-style\" ><div class=\"siteorigin-panels-stretch panel-row-style panel-row-style-for-2168-0\" data-stretch-type=\"full-stretched\" ><div id=\"pgc-2168-0-0\"  class=\"panel-grid-cell\" ><div id=\"panel-2168-0-0-0\" class=\"so-panel widget_sow-slider panel-first-child panel-last-child\" data-index=\"0\" ><div\n\t\t\t\n\t\t\tclass=\"so-widget-sow-slider so-widget-sow-slider-default-6d39609536fd-2168\"\n\t\t\t\n\t\t>\t\t\t\t<div class=\"sow-slider-base\" style=\"display: none\" tabindex=\"0\">\n\t\t\t\t\t<ul\n\t\t\t\t\tclass=\"sow-slider-images\"\n\t\t\t\t\tdata-settings=\"{&quot;pagination&quot;:true,&quot;speed&quot;:800,&quot;timeout&quot;:8000,&quot;paused&quot;:false,&quot;pause_on_hover&quot;:false,&quot;swipe&quot;:true,&quot;nav_always_show_desktop&quot;:&quot;&quot;,&quot;nav_always_show_mobile&quot;:&quot;&quot;,&quot;breakpoint&quot;:&quot;780px&quot;,&quot;unmute&quot;:false,&quot;anchor&quot;:null}\"\n\t\t\t\t\t\t\t\t\t\tdata-anchor-id=\"\"\n\t\t\t\t>\t\t<li class=\"sow-slider-image\" style=\"visibility: visible;\" >\n\t\t\t\t\t\t<img loading=\"lazy\" decoding=\"async\" width=\"1903\" height=\"545\" src=\"https:\/\/www.tutisul.pt\/web\/wp-content\/uploads\/2021\/03\/Tutisul_Banner_Rosas_Equador_11.jpg\" class=\"sow-slider-background-image\" alt=\"\" style=\"\" srcset=\"https:\/\/www.tutisul.pt\/web\/wp-content\/uploads\/2021\/03\/Tutisul_Banner_Rosas_Equador_11.jpg 1903w, https:\/\/www.tutisul.pt\/web\/wp-content\/uploads\/2021\/03\/Tutisul_Banner_Rosas_Equador_11-300x86.jpg 300w, https:\/\/www.tutisul.pt\/web\/wp-content\/uploads\/2021\/03\/Tutisul_Banner_Rosas_Equador_11-1024x293.jpg 1024w, https:\/\/www.tutisul.pt\/web\/wp-content\/uploads\/2021\/03\/Tutisul_Banner_Rosas_Equador_11-768x220.jpg 768w, https:\/\/www.tutisul.pt\/web\/wp-content\/uploads\/2021\/03\/Tutisul_Banner_Rosas_Equador_11-1536x440.jpg 1536w\" sizes=\"auto, (max-width: 1903px) 100vw, 1903px\" \/>\t\t<\/li>\n\t\t\t\t<li class=\"sow-slider-image\" style=\"visibility: hidden;\" >\n\t\t\t\t\t\t<img loading=\"lazy\" decoding=\"async\" width=\"1903\" height=\"545\" src=\"https:\/\/www.tutisul.pt\/web\/wp-content\/uploads\/2021\/03\/Tutisul_Banner_Rosas_Equador_12.jpg\" class=\"sow-slider-background-image\" alt=\"\" style=\"\" srcset=\"https:\/\/www.tutisul.pt\/web\/wp-content\/uploads\/2021\/03\/Tutisul_Banner_Rosas_Equador_12.jpg 1903w, https:\/\/www.tutisul.pt\/web\/wp-content\/uploads\/2021\/03\/Tutisul_Banner_Rosas_Equador_12-300x86.jpg 300w, https:\/\/www.tutisul.pt\/web\/wp-content\/uploads\/2021\/03\/Tutisul_Banner_Rosas_Equador_12-1024x293.jpg 1024w, https:\/\/www.tutisul.pt\/web\/wp-content\/uploads\/2021\/03\/Tutisul_Banner_Rosas_Equador_12-768x220.jpg 768w, https:\/\/www.tutisul.pt\/web\/wp-content\/uploads\/2021\/03\/Tutisul_Banner_Rosas_Equador_12-1536x440.jpg 1536w\" sizes=\"auto, (max-width: 1903px) 100vw, 1903px\" \/>\t\t<\/li>\n\t\t\t\t<li class=\"sow-slider-image\" style=\"visibility: hidden;\" >\n\t\t\t\t\t\t<img loading=\"lazy\" decoding=\"async\" width=\"1903\" height=\"545\" src=\"https:\/\/www.tutisul.pt\/web\/wp-content\/uploads\/2021\/03\/Tutisul_Banner_Rosas_Equador_10.jpg\" class=\"sow-slider-background-image\" alt=\"\" style=\"\" srcset=\"https:\/\/www.tutisul.pt\/web\/wp-content\/uploads\/2021\/03\/Tutisul_Banner_Rosas_Equador_10.jpg 1903w, https:\/\/www.tutisul.pt\/web\/wp-content\/uploads\/2021\/03\/Tutisul_Banner_Rosas_Equador_10-300x86.jpg 300w, https:\/\/www.tutisul.pt\/web\/wp-content\/uploads\/2021\/03\/Tutisul_Banner_Rosas_Equador_10-1024x293.jpg 1024w, https:\/\/www.tutisul.pt\/web\/wp-content\/uploads\/2021\/03\/Tutisul_Banner_Rosas_Equador_10-768x220.jpg 768w, https:\/\/www.tutisul.pt\/web\/wp-content\/uploads\/2021\/03\/Tutisul_Banner_Rosas_Equador_10-1536x440.jpg 1536w\" sizes=\"auto, (max-width: 1903px) 100vw, 1903px\" \/>\t\t<\/li>\n\t\t<\/ul>\t\t\t\t<ol class=\"sow-slider-pagination\">\n\t\t\t\t\t\t\t\t\t\t\t<li><a href=\"#\" data-goto=\"0\" aria-label=\"Display slide 1\"><\/a><\/li>\n\t\t\t\t\t\t\t\t\t\t\t<li><a href=\"#\" data-goto=\"1\" aria-label=\"Display slide 2\"><\/a><\/li>\n\t\t\t\t\t\t\t\t\t\t\t<li><a href=\"#\" data-goto=\"2\" aria-label=\"Display slide 3\"><\/a><\/li>\n\t\t\t\t\t\t\t\t\t<\/ol>\n\n\t\t\t\t<div class=\"sow-slide-nav sow-slide-nav-next\">\n\t\t\t\t\t<a href=\"#\" data-goto=\"next\" aria-label=\"Next slide\" data-action=\"next\">\n\t\t\t\t\t\t<em class=\"sow-sld-icon-thin-right\"><\/em>\n\t\t\t\t\t<\/a>\n\t\t\t\t<\/div>\n\n\t\t\t\t<div class=\"sow-slide-nav sow-slide-nav-prev\">\n\t\t\t\t\t<a href=\"#\" data-goto=\"previous\" aria-label=\"Previous slide\" data-action=\"prev\">\n\t\t\t\t\t\t<em class=\"sow-sld-icon-thin-left\"><\/em>\n\t\t\t\t\t<\/a>\n\t\t\t\t<\/div>\n\t\t\t\t<\/div><\/div><\/div><\/div><\/div><\/div><div id=\"pg-2168-1\"  class=\"panel-grid panel-no-style\" ><div id=\"pgc-2168-1-0\"  class=\"panel-grid-cell\" ><div id=\"panel-2168-1-0-0\" class=\"so-panel widget_sow-editor panel-first-child panel-last-child\" data-index=\"1\" ><div class=\"panel-widget-style panel-widget-style-for-2168-1-0-0\" ><div\n\t\t\t\n\t\t\tclass=\"so-widget-sow-editor so-widget-sow-editor-base\"\n\t\t\t\n\t\t>\n<div class=\"siteorigin-widget-tinymce textwidget\">\n\t<h1><span style=\"font-size: 36pt;\"><em>Como cuidar das Rosas<\/em><\/span><\/h1>\n<hr \/>\n<h3><em>As cabe\u00e7as das rosas dobram-se, as folhas caem, surgem sintomas de apodrecimento. Se quiser evitar tudo isto \u00e9 preciso lembrar que o mais importante para prolongar a vida das flores no vaso \u00e9 a \u00c1GUA. <\/em><\/h3>\n<p>A \u00e1gua deve estar sempre limpa, por isso \u00e9 aconselh\u00e1vel usar \u201calimento\u201d para flores. Se a \u00e1gua estiver suja, \u00e9 criado um \"terreno f\u00e9rtil\" no qual crescem micro-organismos que contaminam e matam a flor rapidamente.<\/p>\n<p><strong>Algumas recomenda\u00e7\u00f5es:<\/strong><\/p>\n<ul>\n<li>Liberte o cart\u00e3o que as protege no transporte afim da rosa poder respirar e evitar algum tipo de condensa\u00e7\u00e3o.<\/li>\n<li>Corte um cent\u00edmetro do caule todos os dias. Fa\u00e7a o corte na diagonal para que a superf\u00edcie de absor\u00e7\u00e3o da flor seja maior.<\/li>\n<li>Troque a \u00e1gua e limpe o vaso com alguma regularidade.<\/li>\n<li>Retire as folhas dos caules que ficar\u00e3o em contato com a \u00e1gua.<\/li>\n<li>N\u00e3o coloque o vaso sob cor-rentes de ar ou luz solar direta.<\/li>\n<li>Evite que a sua flor esteja em contacto pr\u00f3ximo com fruta pois o etileno libertado pela fruta acelera a matura\u00e7\u00e3o da flor.<\/li>\n<\/ul>\n<hr \/>\n<\/div>\n<\/div><\/div><\/div><\/div><div id=\"pgc-2168-1-1\"  class=\"panel-grid-cell\" ><div id=\"panel-2168-1-1-0\" class=\"so-panel widget_nav_menu panel-first-child\" data-index=\"2\" ><div class=\"panel-widget-style panel-widget-style-for-2168-1-1-0\" ><h3 class=\"widget-title\">Rosas do Equador<\/h3><div class=\"menu-rosas-do-equador-container\"><ul id=\"menu-rosas-do-equador\" class=\"menu\"><li id=\"menu-item-2190\" class=\"menu-item menu-item-type-post_type menu-item-object-page menu-item-2190\"><a href=\"https:\/\/www.tutisul.pt\/web\/rosas-do-equador-a-grande-viagem\/\">A Grande Viagem<\/a><\/li>\n<li id=\"menu-item-2188\" class=\"menu-item menu-item-type-post_type menu-item-object-page menu-item-2188\"><a href=\"https:\/\/www.tutisul.pt\/web\/rosas-do-equador-variedades\/\">Variedades<\/a><\/li>\n<li id=\"menu-item-2295\" class=\"menu-item menu-item-type-post_type menu-item-object-page menu-item-2295\"><a href=\"https:\/\/www.tutisul.pt\/web\/rosas-do-equador\/\">Rose Premium Box<\/a><\/li>\n<li id=\"menu-item-2497\" class=\"menu-item menu-item-type-post_type menu-item-object-page menu-item-2497\"><a href=\"https:\/\/www.tutisul.pt\/web\/rosas-do-equador-parceiros\/\">Parceiros<\/a><\/li>\n<li id=\"menu-item-2189\" class=\"menu-item menu-item-type-post_type menu-item-object-page menu-item-2189\"><a href=\"https:\/\/www.tutisul.pt\/web\/como-cuidar-das-rosas\/\">Como cuidar das Rosas<\/a><\/li>\n<\/ul><\/div><\/div><\/div><div id=\"panel-2168-1-1-1\" class=\"so-panel widget_sow-image panel-last-child\" data-index=\"3\" ><div\n\t\t\t\n\t\t\tclass=\"so-widget-sow-image so-widget-sow-image-default-c67d20f9f743-2168\"\n\t\t\t\n\t\t>\n<div class=\"sow-image-container\">\n\t\t\t<a href=\"https:\/\/www.tutisul.pt\/web\/contactos\/\"\n\t\t\t\t\t>\n\t\t\t<img \n\tsrc=\"https:\/\/www.tutisul.pt\/web\/wp-content\/uploads\/2017\/07\/Tutisul_Fale_Connosco.png\" width=\"192\" height=\"180\" sizes=\"(max-width: 192px) 100vw, 192px\" alt=\"\" \t\tclass=\"so-widget-image\"\/>\n\t\t\t<\/a><\/div>\n\n<\/div><\/div><\/div><\/div><\/div>","protected":false},"excerpt":{"rendered":"<p>Como cuidar das Rosas As cabe\u00e7as das rosas dobram-se, as folhas caem, surgem sintomas de apodrecimento. Se quiser evitar tudo isto \u00e9 preciso lembrar que o mais importante para prolongar a vida das flores no vaso \u00e9 a \u00c1GUA. A \u00e1gua deve estar sempre limpa, por isso \u00e9 aconselh\u00e1vel usar \u201calimento\u201d para flores. Se a [&hellip;]<\/p>\n","protected":false},"author":1,"featured_media":0,"parent":0,"menu_order":0,"comment_status":"closed","ping_status":"closed","template":"page-fullwidth.php","meta":{"footnotes":""},"class_list":["post-2168","page","type-page","status-publish","hentry"],"_links":{"self":[{"href":"https:\/\/www.tutisul.pt\/web\/wp-json\/wp\/v2\/pages\/2168","targetHints":{"allow":["GET"]}}],"collection":[{"href":"https:\/\/www.tutisul.pt\/web\/wp-json\/wp\/v2\/pages"}],"about":[{"href":"https:\/\/www.tutisul.pt\/web\/wp-json\/wp\/v2\/types\/page"}],"author":[{"embeddable":true,"href":"https:\/\/www.tutisul.pt\/web\/wp-json\/wp\/v2\/users\/1"}],"replies":[{"embeddable":true,"href":"https:\/\/www.tutisul.pt\/web\/wp-json\/wp\/v2\/comments?post=2168"}],"version-history":[{"count":13,"href":"https:\/\/www.tutisul.pt\/web\/wp-json\/wp\/v2\/pages\/2168\/revisions"}],"predecessor-version":[{"id":2348,"href":"https:\/\/www.tutisul.pt\/web\/wp-json\/wp\/v2\/pages\/2168\/revisions\/2348"}],"wp:attachment":[{"href":"https:\/\/www.tutisul.pt\/web\/wp-json\/wp\/v2\/media?parent=2168"}],"curies":[{"name":"wp","href":"https:\/\/api.w.org\/{rel}","templated":true}]}}