{"id":341,"date":"2017-07-05T20:00:56","date_gmt":"2017-07-05T20:00:56","guid":{"rendered":"http:\/\/www.tutisul.pt\/web\/?page_id=341"},"modified":"2021-03-31T16:19:31","modified_gmt":"2021-03-31T15:19:31","slug":"importacao-exportacao","status":"publish","type":"page","link":"https:\/\/www.tutisul.pt\/web\/importacao-exportacao\/","title":{"rendered":"Importa\u00e7\u00e3o \/ Exporta\u00e7\u00e3o"},"content":{"rendered":"<div id=\"pl-341\"  class=\"panel-layout\" ><div id=\"pg-341-0\"  class=\"panel-grid panel-has-style\" ><div class=\"siteorigin-panels-stretch panel-row-style panel-row-style-for-341-0\" data-stretch-type=\"full-stretched\" ><div id=\"pgc-341-0-0\"  class=\"panel-grid-cell\" ><div id=\"panel-341-0-0-0\" class=\"so-panel widget_sow-slider panel-first-child panel-last-child\" data-index=\"0\" ><div\n\t\t\t\n\t\t\tclass=\"so-widget-sow-slider so-widget-sow-slider-default-6d39609536fd-341\"\n\t\t\t\n\t\t>\t\t\t\t<div class=\"sow-slider-base\" style=\"display: none\" tabindex=\"0\">\n\t\t\t\t\t<ul\n\t\t\t\t\tclass=\"sow-slider-images\"\n\t\t\t\t\tdata-settings=\"{&quot;pagination&quot;:true,&quot;speed&quot;:800,&quot;timeout&quot;:8000,&quot;paused&quot;:false,&quot;pause_on_hover&quot;:false,&quot;swipe&quot;:true,&quot;nav_always_show_desktop&quot;:&quot;&quot;,&quot;nav_always_show_mobile&quot;:&quot;&quot;,&quot;breakpoint&quot;:&quot;780px&quot;,&quot;unmute&quot;:false,&quot;anchor&quot;:null}\"\n\t\t\t\t\t\t\t\t\t\tdata-anchor-id=\"\"\n\t\t\t\t>\t\t<li class=\"sow-slider-image\" style=\"visibility: visible;\" >\n\t\t\t\t\t\t<img loading=\"lazy\" decoding=\"async\" width=\"1903\" height=\"545\" src=\"https:\/\/www.tutisul.pt\/web\/wp-content\/uploads\/2017\/07\/Tutisul_Banner_Website_Quem_Somos_09.jpg\" class=\"sow-slider-background-image\" alt=\"\" style=\"\" srcset=\"https:\/\/www.tutisul.pt\/web\/wp-content\/uploads\/2017\/07\/Tutisul_Banner_Website_Quem_Somos_09.jpg 1903w, https:\/\/www.tutisul.pt\/web\/wp-content\/uploads\/2017\/07\/Tutisul_Banner_Website_Quem_Somos_09-300x86.jpg 300w, https:\/\/www.tutisul.pt\/web\/wp-content\/uploads\/2017\/07\/Tutisul_Banner_Website_Quem_Somos_09-768x220.jpg 768w, https:\/\/www.tutisul.pt\/web\/wp-content\/uploads\/2017\/07\/Tutisul_Banner_Website_Quem_Somos_09-1024x293.jpg 1024w\" sizes=\"auto, (max-width: 1903px) 100vw, 1903px\" \/>\t\t<\/li>\n\t\t\t\t<li class=\"sow-slider-image\" style=\"visibility: hidden;\" >\n\t\t\t\t\t\t<img loading=\"lazy\" decoding=\"async\" width=\"1903\" height=\"545\" src=\"https:\/\/www.tutisul.pt\/web\/wp-content\/uploads\/2017\/07\/Tutisul_Banner_Website_Quem_Somos_10.jpg\" class=\"sow-slider-background-image\" alt=\"\" style=\"\" srcset=\"https:\/\/www.tutisul.pt\/web\/wp-content\/uploads\/2017\/07\/Tutisul_Banner_Website_Quem_Somos_10.jpg 1903w, https:\/\/www.tutisul.pt\/web\/wp-content\/uploads\/2017\/07\/Tutisul_Banner_Website_Quem_Somos_10-300x86.jpg 300w, https:\/\/www.tutisul.pt\/web\/wp-content\/uploads\/2017\/07\/Tutisul_Banner_Website_Quem_Somos_10-768x220.jpg 768w, https:\/\/www.tutisul.pt\/web\/wp-content\/uploads\/2017\/07\/Tutisul_Banner_Website_Quem_Somos_10-1024x293.jpg 1024w\" sizes=\"auto, (max-width: 1903px) 100vw, 1903px\" \/>\t\t<\/li>\n\t\t\t\t<li class=\"sow-slider-image\" style=\"visibility: hidden;\" >\n\t\t\t\t\t\t<img loading=\"lazy\" decoding=\"async\" width=\"1903\" height=\"545\" src=\"https:\/\/www.tutisul.pt\/web\/wp-content\/uploads\/2017\/07\/Tutisul_Banner_Website_Quem_Somos_11.jpg\" class=\"sow-slider-background-image\" alt=\"\" style=\"\" srcset=\"https:\/\/www.tutisul.pt\/web\/wp-content\/uploads\/2017\/07\/Tutisul_Banner_Website_Quem_Somos_11.jpg 1903w, https:\/\/www.tutisul.pt\/web\/wp-content\/uploads\/2017\/07\/Tutisul_Banner_Website_Quem_Somos_11-300x86.jpg 300w, https:\/\/www.tutisul.pt\/web\/wp-content\/uploads\/2017\/07\/Tutisul_Banner_Website_Quem_Somos_11-768x220.jpg 768w, https:\/\/www.tutisul.pt\/web\/wp-content\/uploads\/2017\/07\/Tutisul_Banner_Website_Quem_Somos_11-1024x293.jpg 1024w\" sizes=\"auto, (max-width: 1903px) 100vw, 1903px\" \/>\t\t<\/li>\n\t\t<\/ul>\t\t\t\t<ol class=\"sow-slider-pagination\">\n\t\t\t\t\t\t\t\t\t\t\t<li><a href=\"#\" data-goto=\"0\" aria-label=\"Display slide 1\"><\/a><\/li>\n\t\t\t\t\t\t\t\t\t\t\t<li><a href=\"#\" data-goto=\"1\" aria-label=\"Display slide 2\"><\/a><\/li>\n\t\t\t\t\t\t\t\t\t\t\t<li><a href=\"#\" data-goto=\"2\" aria-label=\"Display slide 3\"><\/a><\/li>\n\t\t\t\t\t\t\t\t\t<\/ol>\n\n\t\t\t\t<div class=\"sow-slide-nav sow-slide-nav-next\">\n\t\t\t\t\t<a href=\"#\" data-goto=\"next\" aria-label=\"Next slide\" data-action=\"next\">\n\t\t\t\t\t\t<em class=\"sow-sld-icon-thin-right\"><\/em>\n\t\t\t\t\t<\/a>\n\t\t\t\t<\/div>\n\n\t\t\t\t<div class=\"sow-slide-nav sow-slide-nav-prev\">\n\t\t\t\t\t<a href=\"#\" data-goto=\"previous\" aria-label=\"Previous slide\" data-action=\"prev\">\n\t\t\t\t\t\t<em class=\"sow-sld-icon-thin-left\"><\/em>\n\t\t\t\t\t<\/a>\n\t\t\t\t<\/div>\n\t\t\t\t<\/div><\/div><\/div><\/div><\/div><\/div><div id=\"pg-341-1\"  class=\"panel-grid panel-no-style\" ><div id=\"pgc-341-1-0\"  class=\"panel-grid-cell\" ><div id=\"panel-341-1-0-0\" class=\"so-panel widget_sow-editor panel-first-child\" data-index=\"1\" ><div class=\"panel-widget-style panel-widget-style-for-341-1-0-0\" ><div\n\t\t\t\n\t\t\tclass=\"so-widget-sow-editor so-widget-sow-editor-base\"\n\t\t\t\n\t\t>\n<div class=\"siteorigin-widget-tinymce textwidget\">\n\t<h1><span style=\"font-size: 36pt;\"><em>Importa\u00e7\u00e3o \/ Exporta\u00e7\u00e3o<\/em><\/span><\/h1>\n<hr \/>\n<h3><em>O nosso know-how incide em grande parte sobre o conhecimento acumulado de fornecedores, nacionais e estrangeiros, de produtos da nossa \u00e1rea de atua\u00e7\u00e3o e que v\u00e3o das plantas \u00e0s flores de corte, passando pelos artigos de decora\u00e7\u00e3o.<\/em><\/h3>\n<p>As parcerias estabelecidas com fornecedores de praticamente todos os continentes, convergem para um cat\u00e1logo de oferta alargada de produtos, permitindo-nos satisfazer qualquer encomenda.<\/p>\n<p>Para al\u00e9m do mais, temos automatizadas todas as rotinas e procedimentos de importa\u00e7\u00e3o e exporta\u00e7\u00e3o, garantindo um baixo pre\u00e7o de opera\u00e7\u00e3o e transpondo para o nosso cliente a mais-valia de n\u00e3o ter que se preocupar com aspetos burocr\u00e1ticos, transportes, timmings de entrega etc. dando-lhe tempo, espa\u00e7o e disponibilidade para se centrar exclusivamente no seu neg\u00f3cio.<\/p>\n<\/div>\n<\/div><\/div><\/div><div id=\"panel-341-1-0-1\" class=\"so-panel widget_siteorigin-panels-builder panel-last-child\" data-index=\"2\" ><div id=\"pl-w6064930312510\"  class=\"panel-layout\" ><div id=\"pg-w6064930312510-0\"  class=\"panel-grid panel-no-style\" ><div id=\"pgc-w6064930312510-0-0\"  class=\"panel-grid-cell\" ><div id=\"panel-w6064930312510-0-0-0\" class=\"so-panel widget_sow-editor panel-first-child panel-last-child\" data-index=\"0\" ><div\n\t\t\t\n\t\t\tclass=\"so-widget-sow-editor so-widget-sow-editor-base\"\n\t\t\t\n\t\t>\n<div class=\"siteorigin-widget-tinymce textwidget\">\n\t<p><img loading=\"lazy\" decoding=\"async\" class=\"img-thumbnail wp-image-953 size-full aligncenter\" src=\"http:\/\/www.tutisul.pt\/web\/wp-content\/uploads\/2017\/02\/DSC09765.jpg\" alt=\"\" width=\"1200\" height=\"800\" srcset=\"https:\/\/www.tutisul.pt\/web\/wp-content\/uploads\/2017\/02\/DSC09765.jpg 1200w, https:\/\/www.tutisul.pt\/web\/wp-content\/uploads\/2017\/02\/DSC09765-300x200.jpg 300w, https:\/\/www.tutisul.pt\/web\/wp-content\/uploads\/2017\/02\/DSC09765-768x512.jpg 768w, https:\/\/www.tutisul.pt\/web\/wp-content\/uploads\/2017\/02\/DSC09765-1024x683.jpg 1024w, https:\/\/www.tutisul.pt\/web\/wp-content\/uploads\/2017\/02\/DSC09765-272x182.jpg 272w\" sizes=\"auto, (max-width: 1200px) 100vw, 1200px\" \/><\/p>\n<\/div>\n<\/div><\/div><\/div><div id=\"pgc-w6064930312510-0-1\"  class=\"panel-grid-cell\" ><div id=\"panel-w6064930312510-0-1-0\" class=\"so-panel widget_sow-editor panel-first-child panel-last-child\" data-index=\"1\" ><div\n\t\t\t\n\t\t\tclass=\"so-widget-sow-editor so-widget-sow-editor-base\"\n\t\t\t\n\t\t>\n<div class=\"siteorigin-widget-tinymce textwidget\">\n\t<p><img loading=\"lazy\" decoding=\"async\" class=\"img-thumbnail alignnone wp-image-2551 size-full\" src=\"https:\/\/www.tutisul.pt\/web\/wp-content\/uploads\/2021\/03\/Tutisul_imagem_2021_geral_12.jpg\" alt=\"\" width=\"600\" height=\"399\" srcset=\"https:\/\/www.tutisul.pt\/web\/wp-content\/uploads\/2021\/03\/Tutisul_imagem_2021_geral_12.jpg 600w, https:\/\/www.tutisul.pt\/web\/wp-content\/uploads\/2021\/03\/Tutisul_imagem_2021_geral_12-300x200.jpg 300w, https:\/\/www.tutisul.pt\/web\/wp-content\/uploads\/2021\/03\/Tutisul_imagem_2021_geral_12-272x182.jpg 272w\" sizes=\"auto, (max-width: 600px) 100vw, 600px\" \/><\/p>\n<\/div>\n<\/div><\/div><\/div><div id=\"pgc-w6064930312510-0-2\"  class=\"panel-grid-cell\" ><div id=\"panel-w6064930312510-0-2-0\" class=\"so-panel widget_sow-editor panel-first-child panel-last-child\" data-index=\"2\" ><div\n\t\t\t\n\t\t\tclass=\"so-widget-sow-editor so-widget-sow-editor-base\"\n\t\t\t\n\t\t>\n<div class=\"siteorigin-widget-tinymce textwidget\">\n\t<p><img loading=\"lazy\" decoding=\"async\" class=\"img-thumbnail alignnone wp-image-2552 size-full\" src=\"https:\/\/www.tutisul.pt\/web\/wp-content\/uploads\/2021\/03\/Tutisul_imagem_2021_geral_13.jpg\" alt=\"\" width=\"600\" height=\"399\" srcset=\"https:\/\/www.tutisul.pt\/web\/wp-content\/uploads\/2021\/03\/Tutisul_imagem_2021_geral_13.jpg 600w, https:\/\/www.tutisul.pt\/web\/wp-content\/uploads\/2021\/03\/Tutisul_imagem_2021_geral_13-300x200.jpg 300w, https:\/\/www.tutisul.pt\/web\/wp-content\/uploads\/2021\/03\/Tutisul_imagem_2021_geral_13-272x182.jpg 272w\" sizes=\"auto, (max-width: 600px) 100vw, 600px\" \/><\/p>\n<\/div>\n<\/div><\/div><\/div><\/div><\/div><\/div><\/div><div id=\"pgc-341-1-1\"  class=\"panel-grid-cell\" ><div id=\"panel-341-1-1-0\" class=\"so-panel widget_nav_menu panel-first-child\" data-index=\"3\" ><div class=\"panel-widget-style panel-widget-style-for-341-1-1-0\" ><h3 class=\"widget-title\">Servi\u00e7os<\/h3><div class=\"menu-servicos-container\"><ul id=\"menu-servicos\" class=\"menu\"><li id=\"menu-item-611\" class=\"menu-item menu-item-type-post_type menu-item-object-page menu-item-611\"><a href=\"https:\/\/www.tutisul.pt\/web\/servicos\/\">Com\u00e9rcio de Flores e Plantas<\/a><\/li>\n<li id=\"menu-item-612\" class=\"menu-item menu-item-type-post_type menu-item-object-page menu-item-612\"><a href=\"https:\/\/www.tutisul.pt\/web\/importacao-exportacao\/\">Importa\u00e7\u00e3o \/ Exporta\u00e7\u00e3o<\/a><\/li>\n<\/ul><\/div><\/div><\/div><div id=\"panel-341-1-1-1\" class=\"so-panel widget_sow-image panel-last-child\" data-index=\"4\" ><div\n\t\t\t\n\t\t\tclass=\"so-widget-sow-image so-widget-sow-image-default-c67d20f9f743-341\"\n\t\t\t\n\t\t>\n<div class=\"sow-image-container\">\n\t\t\t<a href=\"https:\/\/www.tutisul.pt\/web\/contactos\/\"\n\t\t\t\t\t>\n\t\t\t<img \n\tsrc=\"https:\/\/www.tutisul.pt\/web\/wp-content\/uploads\/2017\/07\/Tutisul_Fale_Connosco.png\" width=\"192\" height=\"180\" sizes=\"(max-width: 192px) 100vw, 192px\" alt=\"\" \t\tclass=\"so-widget-image\"\/>\n\t\t\t<\/a><\/div>\n\n<\/div><\/div><\/div><\/div><\/div>","protected":false},"excerpt":{"rendered":"<p>Importa\u00e7\u00e3o \/ Exporta\u00e7\u00e3o O nosso know-how incide em grande parte sobre o conhecimento acumulado de fornecedores, nacionais e estrangeiros, de produtos da nossa \u00e1rea de atua\u00e7\u00e3o e que v\u00e3o das plantas \u00e0s flores de corte, passando pelos artigos de decora\u00e7\u00e3o. As parcerias estabelecidas com fornecedores de praticamente todos os continentes, convergem para um cat\u00e1logo de [&hellip;]<\/p>\n","protected":false},"author":1,"featured_media":0,"parent":0,"menu_order":0,"comment_status":"closed","ping_status":"closed","template":"page-fullwidth.php","meta":{"footnotes":""},"class_list":["post-341","page","type-page","status-publish","hentry"],"_links":{"self":[{"href":"https:\/\/www.tutisul.pt\/web\/wp-json\/wp\/v2\/pages\/341","targetHints":{"allow":["GET"]}}],"collection":[{"href":"https:\/\/www.tutisul.pt\/web\/wp-json\/wp\/v2\/pages"}],"about":[{"href":"https:\/\/www.tutisul.pt\/web\/wp-json\/wp\/v2\/types\/page"}],"author":[{"embeddable":true,"href":"https:\/\/www.tutisul.pt\/web\/wp-json\/wp\/v2\/users\/1"}],"replies":[{"embeddable":true,"href":"https:\/\/www.tutisul.pt\/web\/wp-json\/wp\/v2\/comments?post=341"}],"version-history":[{"count":16,"href":"https:\/\/www.tutisul.pt\/web\/wp-json\/wp\/v2\/pages\/341\/revisions"}],"predecessor-version":[{"id":2554,"href":"https:\/\/www.tutisul.pt\/web\/wp-json\/wp\/v2\/pages\/341\/revisions\/2554"}],"wp:attachment":[{"href":"https:\/\/www.tutisul.pt\/web\/wp-json\/wp\/v2\/media?parent=341"}],"curies":[{"name":"wp","href":"https:\/\/api.w.org\/{rel}","templated":true}]}}