{"id":38,"date":"2017-02-27T15:35:51","date_gmt":"2017-02-27T15:35:51","guid":{"rendered":"http:\/\/www.tutisul.pt\/web\/?page_id=38"},"modified":"2021-03-31T15:47:04","modified_gmt":"2021-03-31T14:47:04","slug":"cultura-de-inovacao","status":"publish","type":"page","link":"https:\/\/www.tutisul.pt\/web\/cultura-de-inovacao\/","title":{"rendered":"Cultura de inova\u00e7\u00e3o"},"content":{"rendered":"<div id=\"pl-38\"  class=\"panel-layout\" ><div id=\"pg-38-0\"  class=\"panel-grid panel-has-style\" ><div class=\"siteorigin-panels-stretch panel-row-style panel-row-style-for-38-0\" data-stretch-type=\"full-stretched\" ><div id=\"pgc-38-0-0\"  class=\"panel-grid-cell\" ><div id=\"panel-38-0-0-0\" class=\"so-panel widget_sow-slider panel-first-child panel-last-child\" data-index=\"0\" ><div\n\t\t\t\n\t\t\tclass=\"so-widget-sow-slider so-widget-sow-slider-default-6d39609536fd-38\"\n\t\t\t\n\t\t>\t\t\t\t<div class=\"sow-slider-base\" style=\"display: none\" tabindex=\"0\">\n\t\t\t\t\t<ul\n\t\t\t\t\tclass=\"sow-slider-images\"\n\t\t\t\t\tdata-settings=\"{&quot;pagination&quot;:true,&quot;speed&quot;:800,&quot;timeout&quot;:8000,&quot;paused&quot;:false,&quot;pause_on_hover&quot;:false,&quot;swipe&quot;:true,&quot;nav_always_show_desktop&quot;:&quot;&quot;,&quot;nav_always_show_mobile&quot;:&quot;&quot;,&quot;breakpoint&quot;:&quot;780px&quot;,&quot;unmute&quot;:false,&quot;anchor&quot;:null}\"\n\t\t\t\t\t\t\t\t\t\tdata-anchor-id=\"\"\n\t\t\t\t>\t\t<li class=\"sow-slider-image\" style=\"visibility: visible;\" >\n\t\t\t\t\t\t<img loading=\"lazy\" decoding=\"async\" width=\"1903\" height=\"545\" src=\"https:\/\/www.tutisul.pt\/web\/wp-content\/uploads\/2017\/02\/Tutisul_Banner_Website_Quem_Somos_08.jpg\" class=\"sow-slider-background-image\" alt=\"\" style=\"\" srcset=\"https:\/\/www.tutisul.pt\/web\/wp-content\/uploads\/2017\/02\/Tutisul_Banner_Website_Quem_Somos_08.jpg 1903w, https:\/\/www.tutisul.pt\/web\/wp-content\/uploads\/2017\/02\/Tutisul_Banner_Website_Quem_Somos_08-300x86.jpg 300w, https:\/\/www.tutisul.pt\/web\/wp-content\/uploads\/2017\/02\/Tutisul_Banner_Website_Quem_Somos_08-768x220.jpg 768w, https:\/\/www.tutisul.pt\/web\/wp-content\/uploads\/2017\/02\/Tutisul_Banner_Website_Quem_Somos_08-1024x293.jpg 1024w\" sizes=\"auto, (max-width: 1903px) 100vw, 1903px\" \/>\t\t<\/li>\n\t\t\t\t<li class=\"sow-slider-image\" style=\"visibility: hidden;\" >\n\t\t\t\t\t\t<img loading=\"lazy\" decoding=\"async\" width=\"1903\" height=\"545\" src=\"https:\/\/www.tutisul.pt\/web\/wp-content\/uploads\/2017\/02\/Tutisul_Banner_Website_Quem_Somos_06.jpg\" class=\"sow-slider-background-image\" alt=\"\" style=\"\" srcset=\"https:\/\/www.tutisul.pt\/web\/wp-content\/uploads\/2017\/02\/Tutisul_Banner_Website_Quem_Somos_06.jpg 1903w, https:\/\/www.tutisul.pt\/web\/wp-content\/uploads\/2017\/02\/Tutisul_Banner_Website_Quem_Somos_06-300x86.jpg 300w, https:\/\/www.tutisul.pt\/web\/wp-content\/uploads\/2017\/02\/Tutisul_Banner_Website_Quem_Somos_06-768x220.jpg 768w, https:\/\/www.tutisul.pt\/web\/wp-content\/uploads\/2017\/02\/Tutisul_Banner_Website_Quem_Somos_06-1024x293.jpg 1024w\" sizes=\"auto, (max-width: 1903px) 100vw, 1903px\" \/>\t\t<\/li>\n\t\t\t\t<li class=\"sow-slider-image\" style=\"visibility: hidden;\" >\n\t\t\t\t\t\t<img loading=\"lazy\" decoding=\"async\" width=\"1903\" height=\"545\" src=\"https:\/\/www.tutisul.pt\/web\/wp-content\/uploads\/2017\/02\/Tutisul_Banner_Website_Quem_Somos_07.jpg\" class=\"sow-slider-background-image\" alt=\"\" style=\"\" srcset=\"https:\/\/www.tutisul.pt\/web\/wp-content\/uploads\/2017\/02\/Tutisul_Banner_Website_Quem_Somos_07.jpg 1903w, https:\/\/www.tutisul.pt\/web\/wp-content\/uploads\/2017\/02\/Tutisul_Banner_Website_Quem_Somos_07-300x86.jpg 300w, https:\/\/www.tutisul.pt\/web\/wp-content\/uploads\/2017\/02\/Tutisul_Banner_Website_Quem_Somos_07-768x220.jpg 768w, https:\/\/www.tutisul.pt\/web\/wp-content\/uploads\/2017\/02\/Tutisul_Banner_Website_Quem_Somos_07-1024x293.jpg 1024w\" sizes=\"auto, (max-width: 1903px) 100vw, 1903px\" \/>\t\t<\/li>\n\t\t<\/ul>\t\t\t\t<ol class=\"sow-slider-pagination\">\n\t\t\t\t\t\t\t\t\t\t\t<li><a href=\"#\" data-goto=\"0\" aria-label=\"Display slide 1\"><\/a><\/li>\n\t\t\t\t\t\t\t\t\t\t\t<li><a href=\"#\" data-goto=\"1\" aria-label=\"Display slide 2\"><\/a><\/li>\n\t\t\t\t\t\t\t\t\t\t\t<li><a href=\"#\" data-goto=\"2\" aria-label=\"Display slide 3\"><\/a><\/li>\n\t\t\t\t\t\t\t\t\t<\/ol>\n\n\t\t\t\t<div class=\"sow-slide-nav sow-slide-nav-next\">\n\t\t\t\t\t<a href=\"#\" data-goto=\"next\" aria-label=\"Next slide\" data-action=\"next\">\n\t\t\t\t\t\t<em class=\"sow-sld-icon-thin-right\"><\/em>\n\t\t\t\t\t<\/a>\n\t\t\t\t<\/div>\n\n\t\t\t\t<div class=\"sow-slide-nav sow-slide-nav-prev\">\n\t\t\t\t\t<a href=\"#\" data-goto=\"previous\" aria-label=\"Previous slide\" data-action=\"prev\">\n\t\t\t\t\t\t<em class=\"sow-sld-icon-thin-left\"><\/em>\n\t\t\t\t\t<\/a>\n\t\t\t\t<\/div>\n\t\t\t\t<\/div><\/div><\/div><\/div><\/div><\/div><div id=\"pg-38-1\"  class=\"panel-grid panel-no-style\" ><div id=\"pgc-38-1-0\"  class=\"panel-grid-cell\" ><div id=\"panel-38-1-0-0\" class=\"so-panel widget_sow-editor panel-first-child\" data-index=\"1\" ><div class=\"panel-widget-style panel-widget-style-for-38-1-0-0\" ><div\n\t\t\t\n\t\t\tclass=\"so-widget-sow-editor so-widget-sow-editor-base\"\n\t\t\t\n\t\t>\n<div class=\"siteorigin-widget-tinymce textwidget\">\n\t<h1><span style=\"font-size: 36pt;\"><em>Cultura de Inova\u00e7\u00e3<\/em>o<\/span><\/h1>\n<hr \/>\n<h3><em>Inovamos em todos os sentidos.<\/em><\/h3>\n<p>\u00a0<\/p>\n<p>Procuramos a todo o instante manter uma rela\u00e7\u00e3o estreita e personalizada com os nossos parceiros de neg\u00f3cio, norteada pela verdade, responsabilidade e transpar\u00eancia.<\/p>\n<blockquote>\n<p><em>Inovamos na procura incessante de novos e melhores produtos de forma a garantir a diversidade que o mercado obriga.<\/em><\/p>\n<\/blockquote>\n<p>Apostamos na evolu\u00e7\u00e3o tecnol\u00f3gica constante e mantemo-nos atentos a todas as solu\u00e7\u00f5es que o mercado oferece. Em \u00faltima an\u00e1lise transpomos benef\u00edcios para as nossas opera\u00e7\u00f5es para o nosso cliente final, desburocratizando processos, reduzindo custos, minimizando erros e garantindo trocas comerciais r\u00e1pidas, seguras e transparentes.<\/p>\n<\/div>\n<\/div><\/div><\/div><div id=\"panel-38-1-0-1\" class=\"so-panel widget_siteorigin-panels-builder panel-last-child\" data-index=\"2\" ><div id=\"pl-w60648b680a5c4\"  class=\"panel-layout\" ><div id=\"pg-w60648b680a5c4-0\"  class=\"panel-grid panel-no-style\" ><div id=\"pgc-w60648b680a5c4-0-0\"  class=\"panel-grid-cell\" ><div id=\"panel-w60648b680a5c4-0-0-0\" class=\"so-panel widget_sow-editor panel-first-child panel-last-child\" data-index=\"0\" ><div\n\t\t\t\n\t\t\tclass=\"so-widget-sow-editor so-widget-sow-editor-base\"\n\t\t\t\n\t\t>\n<div class=\"siteorigin-widget-tinymce textwidget\">\n\t<p><img loading=\"lazy\" decoding=\"async\" class=\"img-thumbnail aligncenter wp-image-951 size-full\" src=\"http:\/\/www.tutisul.pt\/web\/wp-content\/uploads\/2017\/02\/DSC09762.jpg\" alt=\"\" width=\"1200\" height=\"800\" srcset=\"https:\/\/www.tutisul.pt\/web\/wp-content\/uploads\/2017\/02\/DSC09762.jpg 1200w, https:\/\/www.tutisul.pt\/web\/wp-content\/uploads\/2017\/02\/DSC09762-300x200.jpg 300w, https:\/\/www.tutisul.pt\/web\/wp-content\/uploads\/2017\/02\/DSC09762-768x512.jpg 768w, https:\/\/www.tutisul.pt\/web\/wp-content\/uploads\/2017\/02\/DSC09762-1024x683.jpg 1024w, https:\/\/www.tutisul.pt\/web\/wp-content\/uploads\/2017\/02\/DSC09762-272x182.jpg 272w\" sizes=\"auto, (max-width: 1200px) 100vw, 1200px\" \/><\/p>\n<\/div>\n<\/div><\/div><\/div><div id=\"pgc-w60648b680a5c4-0-1\"  class=\"panel-grid-cell\" ><div id=\"panel-w60648b680a5c4-0-1-0\" class=\"so-panel widget_sow-editor panel-first-child panel-last-child\" data-index=\"1\" ><div\n\t\t\t\n\t\t\tclass=\"so-widget-sow-editor so-widget-sow-editor-base\"\n\t\t\t\n\t\t>\n<div class=\"siteorigin-widget-tinymce textwidget\">\n\t<p><img loading=\"lazy\" decoding=\"async\" class=\"img-thumbnail alignnone wp-image-2526 size-full\" src=\"https:\/\/www.tutisul.pt\/web\/wp-content\/uploads\/2021\/03\/DSC_0425.jpg\" alt=\"\" width=\"600\" height=\"399\" srcset=\"https:\/\/www.tutisul.pt\/web\/wp-content\/uploads\/2021\/03\/DSC_0425.jpg 600w, https:\/\/www.tutisul.pt\/web\/wp-content\/uploads\/2021\/03\/DSC_0425-300x200.jpg 300w, https:\/\/www.tutisul.pt\/web\/wp-content\/uploads\/2021\/03\/DSC_0425-272x182.jpg 272w\" sizes=\"auto, (max-width: 600px) 100vw, 600px\" \/><\/p>\n<\/div>\n<\/div><\/div><\/div><div id=\"pgc-w60648b680a5c4-0-2\"  class=\"panel-grid-cell\" ><div id=\"panel-w60648b680a5c4-0-2-0\" class=\"so-panel widget_sow-editor panel-first-child panel-last-child\" data-index=\"2\" ><div\n\t\t\t\n\t\t\tclass=\"so-widget-sow-editor so-widget-sow-editor-base\"\n\t\t\t\n\t\t>\n<div class=\"siteorigin-widget-tinymce textwidget\">\n\t<p><img loading=\"lazy\" decoding=\"async\" class=\"img-thumbnail alignnone wp-image-2529 size-full\" src=\"https:\/\/www.tutisul.pt\/web\/wp-content\/uploads\/2021\/03\/Tutisul_Instalacoes_2021_05.jpg\" alt=\"\" width=\"600\" height=\"399\" srcset=\"https:\/\/www.tutisul.pt\/web\/wp-content\/uploads\/2021\/03\/Tutisul_Instalacoes_2021_05.jpg 600w, https:\/\/www.tutisul.pt\/web\/wp-content\/uploads\/2021\/03\/Tutisul_Instalacoes_2021_05-300x200.jpg 300w, https:\/\/www.tutisul.pt\/web\/wp-content\/uploads\/2021\/03\/Tutisul_Instalacoes_2021_05-272x182.jpg 272w\" sizes=\"auto, (max-width: 600px) 100vw, 600px\" \/><\/p>\n<\/div>\n<\/div><\/div><\/div><\/div><\/div><\/div><\/div><div id=\"pgc-38-1-1\"  class=\"panel-grid-cell\" ><div id=\"panel-38-1-1-0\" class=\"so-panel widget_nav_menu panel-first-child\" data-index=\"3\" ><div class=\"panel-widget-style panel-widget-style-for-38-1-1-0\" ><h3 class=\"widget-title\">Quem Somos<\/h3><div class=\"menu-quem-somos-container\"><ul id=\"menu-quem-somos\" class=\"menu\"><li id=\"menu-item-295\" class=\"menu-item menu-item-type-post_type menu-item-object-page menu-item-295\"><a href=\"https:\/\/www.tutisul.pt\/web\/sobre-a-tutisul\/\">Sobre a Tutisul<\/a><\/li>\n<li id=\"menu-item-277\" class=\"menu-item menu-item-type-post_type menu-item-object-page menu-item-277\"><a href=\"https:\/\/www.tutisul.pt\/web\/equipa\/\">Equipa<\/a><\/li>\n<li id=\"menu-item-278\" class=\"menu-item menu-item-type-post_type menu-item-object-page menu-item-278\"><a href=\"https:\/\/www.tutisul.pt\/web\/missao-e-valores\/\">Miss\u00e3o, Vis\u00e3o e Valores<\/a><\/li>\n<li id=\"menu-item-279\" class=\"menu-item menu-item-type-post_type menu-item-object-page menu-item-279\"><a href=\"https:\/\/www.tutisul.pt\/web\/politica-de-qualidade-e-ambiente\/\">P. de Qualidade e Ambiente<\/a><\/li>\n<li id=\"menu-item-280\" class=\"menu-item menu-item-type-post_type menu-item-object-page menu-item-280\"><a href=\"https:\/\/www.tutisul.pt\/web\/parceiros-empresariais\/\">Parceiros Empresariais<\/a><\/li>\n<li id=\"menu-item-276\" class=\"menu-item menu-item-type-post_type menu-item-object-page menu-item-276\"><a href=\"https:\/\/www.tutisul.pt\/web\/cultura-de-inovacao\/\">Cultura de inova\u00e7\u00e3o<\/a><\/li>\n<\/ul><\/div><\/div><\/div><div id=\"panel-38-1-1-1\" class=\"so-panel widget_sow-image panel-last-child\" data-index=\"4\" ><div\n\t\t\t\n\t\t\tclass=\"so-widget-sow-image so-widget-sow-image-default-c67d20f9f743-38\"\n\t\t\t\n\t\t>\n<div class=\"sow-image-container\">\n\t\t\t<a href=\"https:\/\/www.tutisul.pt\/web\/contactos\/\"\n\t\t\t\t\t>\n\t\t\t<img \n\tsrc=\"https:\/\/www.tutisul.pt\/web\/wp-content\/uploads\/2017\/07\/Tutisul_Fale_Connosco.png\" width=\"192\" height=\"180\" sizes=\"(max-width: 192px) 100vw, 192px\" alt=\"\" \t\tclass=\"so-widget-image\"\/>\n\t\t\t<\/a><\/div>\n\n<\/div><\/div><\/div><\/div><\/div>","protected":false},"excerpt":{"rendered":"<p>Cultura de Inova\u00e7\u00e3oInovamos em todos os sentidos.\u00a0Procuramos a todo o instante manter uma rela\u00e7\u00e3o estreita e personalizada com os nossos parceiros de neg\u00f3cio, norteada pela verdade, responsabilidade e transpar\u00eancia.Inovamos na procura incessante de novos e melhores produtos de forma a garantir a diversidade que o mercado obriga.Apostamos na evolu\u00e7\u00e3o tecnol\u00f3gica constante e mantemo-nos atentos a [&hellip;]<\/p>\n","protected":false},"author":1,"featured_media":0,"parent":0,"menu_order":0,"comment_status":"closed","ping_status":"closed","template":"page-fullwidth.php","meta":{"footnotes":""},"class_list":["post-38","page","type-page","status-publish","hentry"],"_links":{"self":[{"href":"https:\/\/www.tutisul.pt\/web\/wp-json\/wp\/v2\/pages\/38","targetHints":{"allow":["GET"]}}],"collection":[{"href":"https:\/\/www.tutisul.pt\/web\/wp-json\/wp\/v2\/pages"}],"about":[{"href":"https:\/\/www.tutisul.pt\/web\/wp-json\/wp\/v2\/types\/page"}],"author":[{"embeddable":true,"href":"https:\/\/www.tutisul.pt\/web\/wp-json\/wp\/v2\/users\/1"}],"replies":[{"embeddable":true,"href":"https:\/\/www.tutisul.pt\/web\/wp-json\/wp\/v2\/comments?post=38"}],"version-history":[{"count":42,"href":"https:\/\/www.tutisul.pt\/web\/wp-json\/wp\/v2\/pages\/38\/revisions"}],"predecessor-version":[{"id":2531,"href":"https:\/\/www.tutisul.pt\/web\/wp-json\/wp\/v2\/pages\/38\/revisions\/2531"}],"wp:attachment":[{"href":"https:\/\/www.tutisul.pt\/web\/wp-json\/wp\/v2\/media?parent=38"}],"curies":[{"name":"wp","href":"https:\/\/api.w.org\/{rel}","templated":true}]}}