{"id":619,"date":"2017-07-07T16:44:46","date_gmt":"2017-07-07T16:44:46","guid":{"rendered":"http:\/\/www.tutisul.pt\/web\/?page_id=619"},"modified":"2017-07-07T16:45:11","modified_gmt":"2017-07-07T16:45:11","slug":"resolucao-alternativa-de-litigios","status":"publish","type":"page","link":"https:\/\/www.tutisul.pt\/web\/resolucao-alternativa-de-litigios\/","title":{"rendered":"Resolu\u00e7\u00e3o Alternativa de Lit\u00edgios"},"content":{"rendered":"<p>Em caso de lit\u00edgio de consumo, o consumidor pode recorrer \u00e0 Plataforma Europeia de Resolu\u00e7\u00e3o de Lit\u00edgios em Linha, dispon\u00edvel em <a href=\"http:\/\/ec.europa.eu\/consumers\/odr\" target=\"_blank\" rel=\"noopener\">http:\/\/ec.europa.eu\/consumers\/odr<\/a> ou \u00e0s seguintes entidades de resolu\u00e7\u00e3o alternativa de lit\u00edgios de consumo:<\/p>\n<ol>\n<li><b>CNIACC &#8211; Centro Nacional de Informa\u00e7\u00e3o e Arbitragem de Conflitos de Consumo<\/b><br \/>\nTel.: 213 847 484<br \/>\nE-mail: <a href=\"mailto:cniacc@unl.pt\">cniacc@unl.pt<br \/>\n<\/a><\/li>\n<li><b>CIMAAL &#8211; Centro de Informa\u00e7\u00e3o, Media\u00e7\u00e3o e Arbitragem de Conflitos de Consumo do Algarve<\/b><br \/>\nTel.: 289 823 135<br \/>\nE-mail: <a href=\"mailto:cimaal@mail.telepac.pt\">cimaal@mail.telepac.pt<br \/>\n<\/a><\/li>\n<li><b>Centro de Arbitragem de Conflitos de Consumo do Distrito de Coimbra<\/b><br \/>\nTel.: 239 821 690\/289.<br \/>\nE-mail: <a href=\"mailto:geral@centrodearbitragemdecoimbra.com\">geral@centrodearbitragemdecoimbra.com<br \/>\n<\/a><\/li>\n<li><b>Centro de Arbitragem de Conflitos de Consumo de Lisboa<\/b><br \/>\nTel.: 218 807 000 \/ 218807030.<br \/>\nE-mail: <a href=\"mailto:juridico@centroarbitragemlisboa.pt\">juridico@centroarbitragemlisboa.pt<\/a> | <a href=\"mailto:director@centroarbitragemlisboa.pt\">director@centroarbitragemlisboa.pt<br \/>\n<\/a><\/li>\n<li><b>Centro de Informa\u00e7\u00e3o de Consumo e Arbitragem do Porto<\/b><br \/>\nTel.: 225 508 349 \/ 225 029 791<br \/>\nE-mail: <a href=\"mailto:cicap@mail.telepac.pt\">cicap@mail.telepac.pt<br \/>\n<\/a><\/li>\n<li><b>Centro de Arbitragem de Conflitos de Consumo do Vale do Ave\/Tribunal Arbitral<\/b><br \/>\nTel.: 253 422 410<br \/>\nE-mail: <a href=\"mailto:triave@gmail.com\">triave@gmail.com<br \/>\n<\/a><\/li>\n<li><b>Centro de Informa\u00e7\u00e3o, Media\u00e7\u00e3o e Arbitragem de Consumo (Tribunal Arbitral de Consumo)<\/b><br \/>\nTel.: 253 617 604<br \/>\nE-mail: <a href=\"mailto:geral@ciab.pt\">geral@ciab.pt<br \/>\n<\/a><\/li>\n<li><b>Centro de Arbitragem de Conflitos de Consumo da Regi\u00e3o Aut\u00f3noma da Madeira<\/b><br \/>\nMorada: Rua Direita, 27 &#8211; 1\u00ba Andar, 9050-405 Funchal<br \/>\nE-mail: <a href=\"mailto:centroarbitragem.sras@govmadeira.pt\">centroarbitragem.sras@govmadeira.pt<\/a><\/li>\n<\/ol>\n<p>Para mais informa\u00e7\u00f5es consulte o Portal do Consumidor em <a href=\"http:\/\/www.consumidor.pt\" target=\"_blank\" rel=\"noopener\">www.consumidor.pt<\/a><\/p>\n<p><small>(ao abrigo do artigo 18.\u00ba da Lei n.\u00ba 144\/2015, de 8 de Setembro)<\/small><\/p>\n","protected":false},"excerpt":{"rendered":"<p>Em caso de lit\u00edgio de consumo, o consumidor pode recorrer \u00e0 Plataforma Europeia de Resolu\u00e7\u00e3o de Lit\u00edgios em Linha, dispon\u00edvel em http:\/\/ec.europa.eu\/consumers\/odr ou \u00e0s seguintes entidades de resolu\u00e7\u00e3o alternativa de lit\u00edgios de consumo: CNIACC &#8211; Centro Nacional de Informa\u00e7\u00e3o e Arbitragem de Conflitos de Consumo Tel.: 213 847 484 E-mail: cniacc@unl.pt CIMAAL &#8211; Centro de [&hellip;]<\/p>\n","protected":false},"author":1,"featured_media":0,"parent":0,"menu_order":0,"comment_status":"closed","ping_status":"closed","template":"page-fullwidth.php","meta":{"footnotes":""},"class_list":["post-619","page","type-page","status-publish","hentry"],"_links":{"self":[{"href":"https:\/\/www.tutisul.pt\/web\/wp-json\/wp\/v2\/pages\/619","targetHints":{"allow":["GET"]}}],"collection":[{"href":"https:\/\/www.tutisul.pt\/web\/wp-json\/wp\/v2\/pages"}],"about":[{"href":"https:\/\/www.tutisul.pt\/web\/wp-json\/wp\/v2\/types\/page"}],"author":[{"embeddable":true,"href":"https:\/\/www.tutisul.pt\/web\/wp-json\/wp\/v2\/users\/1"}],"replies":[{"embeddable":true,"href":"https:\/\/www.tutisul.pt\/web\/wp-json\/wp\/v2\/comments?post=619"}],"version-history":[{"count":2,"href":"https:\/\/www.tutisul.pt\/web\/wp-json\/wp\/v2\/pages\/619\/revisions"}],"predecessor-version":[{"id":621,"href":"https:\/\/www.tutisul.pt\/web\/wp-json\/wp\/v2\/pages\/619\/revisions\/621"}],"wp:attachment":[{"href":"https:\/\/www.tutisul.pt\/web\/wp-json\/wp\/v2\/media?parent=619"}],"curies":[{"name":"wp","href":"https:\/\/api.w.org\/{rel}","templated":true}]}}