{"id":737,"date":"2017-07-25T17:06:53","date_gmt":"2017-07-25T16:06:53","guid":{"rendered":"http:\/\/www.tutisul.pt\/web\/?page_id=737"},"modified":"2018-07-02T17:55:36","modified_gmt":"2018-07-02T16:55:36","slug":"newsletter","status":"publish","type":"page","link":"https:\/\/www.tutisul.pt\/web\/newsletter\/","title":{"rendered":"Newsletter"},"content":{"rendered":"<div id=\"pl-737\"  class=\"panel-layout\" ><div id=\"pg-737-0\"  class=\"panel-grid panel-has-style\" ><div class=\"siteorigin-panels-stretch panel-row-style panel-row-style-for-737-0\" data-stretch-type=\"full-stretched\" ><div id=\"pgc-737-0-0\"  class=\"panel-grid-cell\" ><div id=\"panel-737-0-0-0\" class=\"so-panel widget_sow-slider panel-first-child panel-last-child\" data-index=\"0\" ><div\n\t\t\t\n\t\t\tclass=\"so-widget-sow-slider so-widget-sow-slider-default-6d39609536fd-737\"\n\t\t\t\n\t\t>\t\t\t\t<div class=\"sow-slider-base\" style=\"display: none\" tabindex=\"0\">\n\t\t\t\t\t<ul\n\t\t\t\t\tclass=\"sow-slider-images\"\n\t\t\t\t\tdata-settings=\"{&quot;pagination&quot;:true,&quot;speed&quot;:800,&quot;timeout&quot;:8000,&quot;paused&quot;:false,&quot;pause_on_hover&quot;:false,&quot;swipe&quot;:true,&quot;nav_always_show_desktop&quot;:&quot;&quot;,&quot;nav_always_show_mobile&quot;:&quot;&quot;,&quot;breakpoint&quot;:&quot;780px&quot;,&quot;unmute&quot;:false,&quot;anchor&quot;:null}\"\n\t\t\t\t\t\t\t\t\t\tdata-anchor-id=\"\"\n\t\t\t\t>\t\t<li class=\"sow-slider-image\" style=\"visibility: visible;\" >\n\t\t\t\t\t\t<img loading=\"lazy\" decoding=\"async\" width=\"1903\" height=\"545\" src=\"https:\/\/www.tutisul.pt\/web\/wp-content\/uploads\/2017\/03\/Tutisul_Banner_Website_Quem_Somos_03.jpg\" class=\"sow-slider-background-image\" alt=\"\" style=\"\" srcset=\"https:\/\/www.tutisul.pt\/web\/wp-content\/uploads\/2017\/03\/Tutisul_Banner_Website_Quem_Somos_03.jpg 1903w, https:\/\/www.tutisul.pt\/web\/wp-content\/uploads\/2017\/03\/Tutisul_Banner_Website_Quem_Somos_03-300x86.jpg 300w, https:\/\/www.tutisul.pt\/web\/wp-content\/uploads\/2017\/03\/Tutisul_Banner_Website_Quem_Somos_03-768x220.jpg 768w, https:\/\/www.tutisul.pt\/web\/wp-content\/uploads\/2017\/03\/Tutisul_Banner_Website_Quem_Somos_03-1024x293.jpg 1024w\" sizes=\"auto, (max-width: 1903px) 100vw, 1903px\" \/>\t\t<\/li>\n\t\t\t\t<li class=\"sow-slider-image\" style=\"visibility: hidden;\" >\n\t\t\t\t\t\t<img loading=\"lazy\" decoding=\"async\" width=\"1903\" height=\"545\" src=\"https:\/\/www.tutisul.pt\/web\/wp-content\/uploads\/2017\/02\/Tutisul_Banner_Website_01.jpg\" class=\"sow-slider-background-image\" alt=\"\" style=\"\" srcset=\"https:\/\/www.tutisul.pt\/web\/wp-content\/uploads\/2017\/02\/Tutisul_Banner_Website_01.jpg 1903w, https:\/\/www.tutisul.pt\/web\/wp-content\/uploads\/2017\/02\/Tutisul_Banner_Website_01-300x86.jpg 300w, https:\/\/www.tutisul.pt\/web\/wp-content\/uploads\/2017\/02\/Tutisul_Banner_Website_01-768x220.jpg 768w, https:\/\/www.tutisul.pt\/web\/wp-content\/uploads\/2017\/02\/Tutisul_Banner_Website_01-1024x293.jpg 1024w\" sizes=\"auto, (max-width: 1903px) 100vw, 1903px\" \/>\t\t<\/li>\n\t\t\t\t<li class=\"sow-slider-image\" style=\"visibility: hidden;\" >\n\t\t\t\t\t\t<img loading=\"lazy\" decoding=\"async\" width=\"1903\" height=\"545\" src=\"https:\/\/www.tutisul.pt\/web\/wp-content\/uploads\/2017\/03\/Tutisul_Banner_Website_Quem_Somos_02.jpg\" class=\"sow-slider-background-image\" alt=\"\" style=\"\" srcset=\"https:\/\/www.tutisul.pt\/web\/wp-content\/uploads\/2017\/03\/Tutisul_Banner_Website_Quem_Somos_02.jpg 1903w, https:\/\/www.tutisul.pt\/web\/wp-content\/uploads\/2017\/03\/Tutisul_Banner_Website_Quem_Somos_02-300x86.jpg 300w, https:\/\/www.tutisul.pt\/web\/wp-content\/uploads\/2017\/03\/Tutisul_Banner_Website_Quem_Somos_02-768x220.jpg 768w, https:\/\/www.tutisul.pt\/web\/wp-content\/uploads\/2017\/03\/Tutisul_Banner_Website_Quem_Somos_02-1024x293.jpg 1024w\" sizes=\"auto, (max-width: 1903px) 100vw, 1903px\" \/>\t\t<\/li>\n\t\t<\/ul>\t\t\t\t<ol class=\"sow-slider-pagination\">\n\t\t\t\t\t\t\t\t\t\t\t<li><a href=\"#\" data-goto=\"0\" aria-label=\"Display slide 1\"><\/a><\/li>\n\t\t\t\t\t\t\t\t\t\t\t<li><a href=\"#\" data-goto=\"1\" aria-label=\"Display slide 2\"><\/a><\/li>\n\t\t\t\t\t\t\t\t\t\t\t<li><a href=\"#\" data-goto=\"2\" aria-label=\"Display slide 3\"><\/a><\/li>\n\t\t\t\t\t\t\t\t\t<\/ol>\n\n\t\t\t\t<div class=\"sow-slide-nav sow-slide-nav-next\">\n\t\t\t\t\t<a href=\"#\" data-goto=\"next\" aria-label=\"Next slide\" data-action=\"next\">\n\t\t\t\t\t\t<em class=\"sow-sld-icon-thin-right\"><\/em>\n\t\t\t\t\t<\/a>\n\t\t\t\t<\/div>\n\n\t\t\t\t<div class=\"sow-slide-nav sow-slide-nav-prev\">\n\t\t\t\t\t<a href=\"#\" data-goto=\"previous\" aria-label=\"Previous slide\" data-action=\"prev\">\n\t\t\t\t\t\t<em class=\"sow-sld-icon-thin-left\"><\/em>\n\t\t\t\t\t<\/a>\n\t\t\t\t<\/div>\n\t\t\t\t<\/div><\/div><\/div><\/div><\/div><\/div><div id=\"pg-737-1\"  class=\"panel-grid panel-no-style\" ><div id=\"pgc-737-1-0\"  class=\"panel-grid-cell\" ><div id=\"panel-737-1-0-0\" class=\"so-panel widget_sow-editor panel-first-child panel-last-child\" data-index=\"1\" ><div class=\"panel-widget-style panel-widget-style-for-737-1-0-0\" ><div\n\t\t\t\n\t\t\tclass=\"so-widget-sow-editor so-widget-sow-editor-base\"\n\t\t\t\n\t\t>\n<div class=\"siteorigin-widget-tinymce textwidget\">\n\t<h1><span style=\"font-size: 36pt;\"><em>Newsletter<\/em><\/span><\/h1>\n<hr \/>\n<h3><em><span class=\"content_subtitle\">Receba a nossa newsletter regularmente e n\u00e3o perca as \u00faltimas novidades e promo\u00e7\u00f5es!<\/span><\/em><\/h3>\n<script>(function() {\n\twindow.mc4wp = window.mc4wp || {\n\t\tlisteners: [],\n\t\tforms: {\n\t\t\ton: function(evt, cb) {\n\t\t\t\twindow.mc4wp.listeners.push(\n\t\t\t\t\t{\n\t\t\t\t\t\tevent   : evt,\n\t\t\t\t\t\tcallback: cb\n\t\t\t\t\t}\n\t\t\t\t);\n\t\t\t}\n\t\t}\n\t}\n})();\n<\/script><!-- Mailchimp for WordPress v4.10.9 - https:\/\/wordpress.org\/plugins\/mailchimp-for-wp\/ --><form id=\"mc4wp-form-1\" class=\"mc4wp-form mc4wp-form-735\" method=\"post\" data-id=\"735\" data-name=\"Newsletter Tutisul\" ><div class=\"mc4wp-form-fields\"><p>\r\n<input type=\"email\" name=\"EMAIL\" placeholder=\"Endere\u00e7o de email\" required \/> &nbsp; &nbsp; <input type=\"submit\" value=\"Registar\" \/>\r\n<\/p>\r\n<\/div><label style=\"display: none !important;\">Deixe este campo vazio se for humano: <input type=\"text\" name=\"_mc4wp_honeypot\" value=\"\" tabindex=\"-1\" autocomplete=\"off\" \/><\/label><input type=\"hidden\" name=\"_mc4wp_timestamp\" value=\"1776506282\" \/><input type=\"hidden\" name=\"_mc4wp_form_id\" value=\"735\" \/><input type=\"hidden\" name=\"_mc4wp_form_element_id\" value=\"mc4wp-form-1\" \/><div class=\"mc4wp-response\"><\/div><\/form><!-- \/ Mailchimp for WordPress Plugin -->\n<hr \/>\n<h2><em>Hist\u00f3rico<\/em><\/h2>\n<p>Consulte as newsletters anteriormente enviadas:<\/p>\n<ul>\n<li class=\"campaign\">07\/02\/2018 - <a title=\"TUTISUL - Newsletter Semanal - 02 de julho\" href=\"http:\/\/eepurl.com\/dzTs8r\" target=\"_blank\" rel=\"noopener\">TUTISUL - Newsletter Semanal - 02 de julho<\/a><\/li>\n<li class=\"campaign\">06\/29\/2018 - <a title=\"TUTISUL - Flores para Casamentos Perfeitos\" href=\"http:\/\/eepurl.com\/dzERZP\" target=\"_blank\" rel=\"noopener\">TUTISUL - Flores para Casamentos Perfeitos<\/a><\/li>\n<li>06\/27\/2018 - <a title=\"TUTISUL - Newsletter Semanal - 27 de junho\" href=\"http:\/\/eepurl.com\/dzmUn9\" target=\"_blank\" rel=\"noopener\">TUTISUL - Newsletter Semanal - 27 de junho<\/a><\/li>\n<li>06\/15\/2018 - <a title=\"TUTISUL - Newsletter Semanal - 15 de junho\" href=\"http:\/\/eepurl.com\/dyg4_H\" target=\"_blank\" rel=\"noopener\">TUTISUL - Newsletter Semanal - 15 de junho<\/a><\/li>\n<li>06\/06\/2018 - <a title=\"TUTISUL - Newsletter Semanal - 06 de junho\" href=\"http:\/\/eepurl.com\/dwD2LT\" target=\"_blank\" rel=\"noopener\">TUTISUL - Newsletter Semanal - 06 de junho<\/a><\/li>\n<li>05\/11\/2018 - <a title=\"TUTISUL - Newsletter Semanal - 12 de maio\" href=\"http:\/\/eepurl.com\/duvBI1\" target=\"_blank\" rel=\"noopener\">TUTISUL - Newsletter Semanal - 12 de maio<\/a><\/li>\n<li>05\/03\/2018 - <a title=\"TUTISUL - Newsletter Semanal - 03 de maio\" href=\"http:\/\/eepurl.com\/dtCFt5\" target=\"_blank\" rel=\"noopener\">TUTISUL - Newsletter Semanal - 03 de maio<\/a><\/li>\n<li>04\/24\/2018 - <a title=\"TUTISUL - Newsletter Semanal - 24 de abril\" href=\"http:\/\/eepurl.com\/dsxzkP\" target=\"_blank\" rel=\"noopener\">TUTISUL - Newsletter Semanal - 24 de abril<\/a><\/li>\n<li>04\/09\/2018 - <a title=\"TUTISUL - Newsletter Semanal - 09 de abril\" href=\"http:\/\/eepurl.com\/dqSlSX\" target=\"_blank\" rel=\"noopener\">TUTISUL - Newsletter Semanal - 09 de abril<\/a><\/li>\n<li>04\/06\/2018 - <a title=\"TUTISUL - Newsletter Semanal - 06 de abril\" href=\"http:\/\/eepurl.com\/dqDmF1\" target=\"_blank\" rel=\"noopener\">TUTISUL - Newsletter Semanal - 06 de abril<\/a><\/li>\n<li class=\"campaign\">03\/29\/2018 - <a title=\"TUTISUL - Newsletter Semanal - 29 de mar\u00e7o\" href=\"http:\/\/eepurl.com\/dpOqH9\" target=\"_blank\" rel=\"noopener\">TUTISUL - Newsletter Semanal - 29 de mar\u00e7o<\/a><\/li>\n<li class=\"campaign\">03\/27\/2018 - <a title=\"TUTISUL - P\u00e1scoa Feliz\" href=\"http:\/\/eepurl.com\/dpugEf\" target=\"_blank\" rel=\"noopener\">TUTISUL - P\u00e1scoa Feliz<\/a><\/li>\n<li>03\/23\/2018 - <a title=\"TUTISUL - Newsletter Semanal - 23 de mar\u00e7o\" href=\"http:\/\/eepurl.com\/do9kPH\" target=\"_blank\" rel=\"noopener\">TUTISUL - Newsletter Semanal - 23 de mar\u00e7o<\/a><\/li>\n<li>03\/16\/2018 - <a title=\"TUTISUL - Newsletter Semanal - 16 de mar\u00e7o\" href=\"http:\/\/eepurl.com\/dofB0r\" target=\"_blank\" rel=\"noopener\">TUTISUL - Newsletter Semanal - 16 de mar\u00e7o<\/a><\/li>\n<li>03\/08\/2018 - <a title=\"TUTISUL - Newsletter Semanal - 08 de mar\u00e7o\" href=\"http:\/\/eepurl.com\/dnbQV1\" target=\"_blank\" rel=\"noopener\">TUTISUL - Newsletter Semanal - 08 de mar\u00e7o<\/a><\/li>\n<li>03\/02\/2018 - <a title=\"TUTISUL - Newsletter Semanal - 02 de mar\u00e7o\" href=\"http:\/\/eepurl.com\/dmB8Ln\" target=\"_blank\" rel=\"noopener\">TUTISUL - Newsletter Semanal - 02 de mar\u00e7o<\/a><\/li>\n<li>02\/21\/2018 - <a title=\"TUTISUL - Newsletter Semanal - 21 de fevereiro\" href=\"http:\/\/eepurl.com\/dlzPoD\" target=\"_blank\" rel=\"noopener\">TUTISUL - Newsletter Semanal - 21 de fevereiro<\/a><\/li>\n<li>02\/15\/2018 - <a title=\"TUTISUL - Newsletter Semanal - 15 de fevereiro\" href=\"http:\/\/eepurl.com\/dkVpMb\" target=\"_blank\" rel=\"noopener\">TUTISUL - Newsletter Semanal - 15 de fevereiro<\/a><\/li>\n<li class=\"campaign\">02\/07\/2018 - <a title=\"TUTISUL - Newsletter Semanal - 07 de fevereiro\" href=\"http:\/\/eepurl.com\/dj3xsX\" target=\"_blank\" rel=\"noopener\">TUTISUL - Newsletter Semanal - 07 de fevereiro<\/a><\/li>\n<li class=\"campaign\">02\/01\/2018 - <a title=\"TUTISUL - Newsletter Semanal - 01 de fevereiro\" href=\"http:\/\/eepurl.com\/djog8z\" target=\"_blank\" rel=\"noopener\">TUTISUL - Newsletter Semanal - 01 de fevereiro<\/a><\/li>\n<li class=\"campaign\">01\/25\/2018 - <a title=\"TUTISUL - Newsletter Semanal - 25 de janeiro\" href=\"http:\/\/eepurl.com\/disdMb\" target=\"_blank\" rel=\"noopener\">TUTISUL - Newsletter Semanal - 25 de janeiro<\/a><\/li>\n<li class=\"campaign\">01\/18\/2018 - <a title=\"TUTISUL - Newsletter Semanal - 18 de janeiro\" href=\"http:\/\/eepurl.com\/dhS0NP\" target=\"_blank\" rel=\"noopener\">TUTISUL - Newsletter Semanal - 18 de janeiro<\/a><\/li>\n<li class=\"campaign\">01\/11\/2018 - <a title=\"TUTISUL - Newsletter Semanal - 11 de janeiro\" href=\"http:\/\/eepurl.com\/dg8rhH\" target=\"_blank\" rel=\"noopener\">TUTISUL - Newsletter Semanal - 11 de janeiro<\/a><\/li>\n<li class=\"campaign\">01\/04\/2018 - <a title=\"TUTISUL - Newsletter Semanal - 4 de janeiro\" href=\"http:\/\/eepurl.com\/dgn8rD\" target=\"_blank\" rel=\"noopener\">TUTISUL - Newsletter Semanal - 4 de janeiro<\/a><\/li>\n<\/ul>\n<hr \/>\n<ul>\n<li class=\"campaign\">12\/29\/2017 - <a title=\"TUTISUL - Newsletter Semanal - 29 de dezembro\" href=\"http:\/\/eepurl.com\/dfWiWn\" target=\"_blank\" rel=\"noopener\">TUTISUL - Newsletter Semanal - 29 de dezembro<\/a><\/li>\n<li>12\/19\/2017 - <a title=\"TUTISUL - Newsletter Semanal - 19 de dezembro\" href=\"http:\/\/eepurl.com\/deYpgn\" target=\"_blank\" rel=\"noopener\">TUTISUL - Newsletter Semanal - 19 de dezembro<\/a><\/li>\n<li class=\"campaign\">12\/14\/2017 - <a title=\"TUTISUL - Newsletter Semanal - 14 de dezembro\" href=\"http:\/\/eepurl.com\/debL4L\" target=\"_blank\" rel=\"noopener\">TUTISUL - Newsletter Semanal - 14 de dezembro<\/a><\/li>\n<li class=\"campaign\">12\/05\/2017 - <a title=\"TUTISUL - Newsletter Semanal - 05 de dezembro\" href=\"http:\/\/eepurl.com\/dcZK5n\" target=\"_blank\" rel=\"noopener\">TUTISUL - Newsletter Semanal - 05 de dezembro<\/a><\/li>\n<li>11\/30\/2017 - <a title=\"TUTISUL - Newsletter Semanal - 30 de novembro\" href=\"http:\/\/eepurl.com\/dck4G9\" target=\"_blank\" rel=\"noopener\">TUTISUL - Newsletter Semanal - 30 de novembro<\/a><\/li>\n<li>11\/23\/2017 - <a title=\"TUTISUL - Newsletter Semanal - 23 de novembro\" href=\"http:\/\/eepurl.com\/dbg1AP\" target=\"_blank\" rel=\"noopener\">TUTISUL - Newsletter Semanal - 23 de novembro<\/a><\/li>\n<li>11\/16\/2017 - <a title=\"TUTISUL - Newsletter Semanal - 16 de novembro\" href=\"http:\/\/eepurl.com\/c_BGX9\" target=\"_blank\" rel=\"noopener\">TUTISUL - Newsletter Semanal - 16 de novembro<\/a><\/li>\n<li>11\/06\/2017 - <a title=\"TUTISUL - Newsletter Semanal - 06 de novembro\" href=\"http:\/\/eepurl.com\/c-nNa9\" target=\"_blank\" rel=\"noopener\">TUTISUL - Newsletter Semanal - 06 de novembro<\/a><\/li>\n<li>11\/02\/2017 - <a title=\"TUTISUL - Newsletter Semanal - 02 de novembro\" href=\"http:\/\/eepurl.com\/c9Zm-1\" target=\"_blank\" rel=\"noopener\">TUTISUL - Newsletter Semanal - 02 de novembro<\/a><\/li>\n<li class=\"campaign\">10\/26\/2017 - <a title=\"TUTISUL - Newsletter Semanal - 26 de outubro\" href=\"http:\/\/eepurl.com\/c856iX\" target=\"_blank\" rel=\"noopener\">TUTISUL - Newsletter Semanal - 26 de outubro<\/a><\/li>\n<li class=\"campaign\">10\/18\/2017 - <a title=\"TUTISUL - Newsletter Semanal - 18 de outubro\" href=\"http:\/\/eepurl.com\/c74RN9\" target=\"_blank\" rel=\"noopener\">TUTISUL - Newsletter Semanal - 18 de outubro<\/a><\/li>\n<li class=\"campaign\">10\/11\/2017 - <a title=\"TUTISUL - Newsletter Semanal - 11 de outubro\" href=\"http:\/\/eepurl.com\/c6-TnP\" target=\"_blank\" rel=\"noopener\">TUTISUL - Newsletter Semanal - 11 de outubro<\/a><\/li>\n<li>10\/04\/2017 - <a title=\"TUTISUL - Newsletter Semanal - 04 de outubro\" href=\"http:\/\/eepurl.com\/c5YAPH\" target=\"_blank\" rel=\"noopener\">TUTISUL - Newsletter Semanal - 04 de outubro<\/a><\/li>\n<li class=\"campaign\">09\/26\/2017 -\u00a0<a title=\"TUTISUL - Newsletter Semanal - 26 de setembro\" href=\"http:\/\/eepurl.com\/c4YGcL\" target=\"_blank\" rel=\"noopener\">TUTISUL - Newsletter Semanal - 26 de setembro<\/a><\/li>\n<li class=\"campaign\">09\/19\/2017 -\u00a0<a title=\"TUTISUL - Newsletter Semanal - 19 de setembro\" href=\"http:\/\/eepurl.com\/c34zNj\" target=\"_blank\" rel=\"noopener\">TUTISUL - Newsletter Semanal - 19 de setembro<\/a><\/li>\n<li>09\/12\/2017 - <a title=\"TUTISUL - Newsletter Semanal - 12 de setembro\" href=\"http:\/\/eepurl.com\/c29m_v\" target=\"_blank\" rel=\"noopener\">TUTISUL - Newsletter Semanal - 12 de setembro<\/a><\/li>\n<li>09\/05\/2017 - <a title=\"TUTISUL - Newsletter Semanal - 5 de setembro\" href=\"http:\/\/eepurl.com\/c2dgtX\" target=\"_blank\" rel=\"noopener\">TUTISUL - Newsletter Semanal - 5 de setembro<\/a><\/li>\n<li class=\"campaign\">08\/30\/2017 - <a title=\"TUTISUL - Newsletter Semanal - 30 de agosto\" href=\"http:\/\/eepurl.com\/c1ww1T\" target=\"_blank\" rel=\"noopener\">TUTISUL - Newsletter Semanal - 30 de agosto<\/a><\/li>\n<li class=\"campaign\">08\/22\/2017 - <a title=\"TUTISUL - Newsletter Semanal - 22 de agosto\" href=\"http:\/\/eepurl.com\/c0zECf\" target=\"_blank\" rel=\"noopener\">TUTISUL - Newsletter Semanal - 22 de agosto<\/a><\/li>\n<li class=\"campaign\">08\/15\/2017 - <a title=\"TUTISUL - Newsletter Semanal - 15 de agosto\" href=\"http:\/\/eepurl.com\/cZHAaP\" target=\"_blank\" rel=\"noopener\">TUTISUL - Newsletter Semanal - 15 de agosto<\/a><\/li>\n<li>08\/07\/2017 - <a title=\"TUTISUL - Newsletter Semanal - 7 de agosto\" href=\"http:\/\/eepurl.com\/cYOYnf\" target=\"_blank\" rel=\"noopener\">TUTISUL - Newsletter Semanal - 7 de agosto<\/a><\/li>\n<li>08\/01\/2017 - <a title=\"TUTISUL - Newsletter Semanal - 1 de agosto\" href=\"http:\/\/eepurl.com\/cX89C1\" target=\"_blank\" rel=\"noopener\">TUTISUL - Newsletter Semanal - 1 de agosto<\/a><\/li>\n<li>07\/25\/2017 -<a title=\"newsletter@tutisul.pt\" href=\"http:\/\/eepurl.com\/cXh6nT\" target=\"_blank\" rel=\"noopener\">TUTISUL - Newsletter Semanal - 25 de julho<\/a><\/li>\n<li>07\/12\/2017 - <a title=\"TUTISUL - Conhe\u00c3\ufffd\u00ef\u00bf\u00bd\u00c3\ufffd\u00c2\u00a7a o nosso novo website\" href=\"http:\/\/eepurl.com\/cVSnoL\" target=\"_blank\" rel=\"noopener\">TUTISUL - Conhe\u00e7a o nosso novo website<\/a><\/li>\n<\/ul>\n<\/div>\n<\/div><\/div><\/div><\/div><div id=\"pgc-737-1-1\"  class=\"panel-grid-cell\" ><div id=\"panel-737-1-1-0\" class=\"so-panel widget_nav_menu panel-first-child\" data-index=\"2\" ><div class=\"panel-widget-style panel-widget-style-for-737-1-1-0\" ><h3 class=\"widget-title\">Quem Somos<\/h3><div class=\"menu-quem-somos-container\"><ul id=\"menu-quem-somos\" class=\"menu\"><li id=\"menu-item-295\" class=\"menu-item menu-item-type-post_type menu-item-object-page menu-item-295\"><a href=\"https:\/\/www.tutisul.pt\/web\/sobre-a-tutisul\/\">Sobre a Tutisul<\/a><\/li>\n<li id=\"menu-item-277\" class=\"menu-item menu-item-type-post_type menu-item-object-page menu-item-277\"><a href=\"https:\/\/www.tutisul.pt\/web\/equipa\/\">Equipa<\/a><\/li>\n<li id=\"menu-item-278\" class=\"menu-item menu-item-type-post_type menu-item-object-page menu-item-278\"><a href=\"https:\/\/www.tutisul.pt\/web\/missao-e-valores\/\">Miss\u00e3o, Vis\u00e3o e Valores<\/a><\/li>\n<li id=\"menu-item-279\" class=\"menu-item menu-item-type-post_type menu-item-object-page menu-item-279\"><a href=\"https:\/\/www.tutisul.pt\/web\/politica-de-qualidade-e-ambiente\/\">P. de Qualidade e Ambiente<\/a><\/li>\n<li id=\"menu-item-280\" class=\"menu-item menu-item-type-post_type menu-item-object-page menu-item-280\"><a href=\"https:\/\/www.tutisul.pt\/web\/parceiros-empresariais\/\">Parceiros Empresariais<\/a><\/li>\n<li id=\"menu-item-276\" class=\"menu-item menu-item-type-post_type menu-item-object-page menu-item-276\"><a href=\"https:\/\/www.tutisul.pt\/web\/cultura-de-inovacao\/\">Cultura de inova\u00e7\u00e3o<\/a><\/li>\n<\/ul><\/div><\/div><\/div><div id=\"panel-737-1-1-1\" class=\"so-panel widget_sow-image panel-last-child\" data-index=\"3\" ><div\n\t\t\t\n\t\t\tclass=\"so-widget-sow-image so-widget-sow-image-default-c67d20f9f743-737\"\n\t\t\t\n\t\t>\n<div class=\"sow-image-container\">\n\t\t\t<a href=\"https:\/\/www.tutisul.pt\/web\/contactos\/\"\n\t\t\t\t\t>\n\t\t\t<img \n\tsrc=\"https:\/\/www.tutisul.pt\/web\/wp-content\/uploads\/2017\/07\/Tutisul_Fale_Connosco.png\" width=\"192\" height=\"180\" sizes=\"(max-width: 192px) 100vw, 192px\" alt=\"\" \t\tclass=\"so-widget-image\"\/>\n\t\t\t<\/a><\/div>\n\n<\/div><\/div><\/div><\/div><\/div>","protected":false},"excerpt":{"rendered":"<p>Newsletter Receba a nossa newsletter regularmente e n\u00e3o perca as \u00faltimas novidades e promo\u00e7\u00f5es! Hist\u00f3rico Consulte as newsletters anteriormente enviadas: 07\/02\/2018 &#8211; TUTISUL &#8211; Newsletter Semanal &#8211; 02 de julho 06\/29\/2018 &#8211; TUTISUL &#8211; Flores para Casamentos Perfeitos 06\/27\/2018 &#8211; TUTISUL &#8211; Newsletter Semanal &#8211; 27 de junho 06\/15\/2018 &#8211; TUTISUL &#8211; Newsletter Semanal &#8211; [&hellip;]<\/p>\n","protected":false},"author":1,"featured_media":0,"parent":0,"menu_order":0,"comment_status":"closed","ping_status":"closed","template":"page-fullwidth.php","meta":{"footnotes":""},"class_list":["post-737","page","type-page","status-publish","hentry"],"_links":{"self":[{"href":"https:\/\/www.tutisul.pt\/web\/wp-json\/wp\/v2\/pages\/737","targetHints":{"allow":["GET"]}}],"collection":[{"href":"https:\/\/www.tutisul.pt\/web\/wp-json\/wp\/v2\/pages"}],"about":[{"href":"https:\/\/www.tutisul.pt\/web\/wp-json\/wp\/v2\/types\/page"}],"author":[{"embeddable":true,"href":"https:\/\/www.tutisul.pt\/web\/wp-json\/wp\/v2\/users\/1"}],"replies":[{"embeddable":true,"href":"https:\/\/www.tutisul.pt\/web\/wp-json\/wp\/v2\/comments?post=737"}],"version-history":[{"count":77,"href":"https:\/\/www.tutisul.pt\/web\/wp-json\/wp\/v2\/pages\/737\/revisions"}],"predecessor-version":[{"id":2012,"href":"https:\/\/www.tutisul.pt\/web\/wp-json\/wp\/v2\/pages\/737\/revisions\/2012"}],"wp:attachment":[{"href":"https:\/\/www.tutisul.pt\/web\/wp-json\/wp\/v2\/media?parent=737"}],"curies":[{"name":"wp","href":"https:\/\/api.w.org\/{rel}","templated":true}]}}